{"id":2880,"date":"2022-02-13T08:06:44","date_gmt":"2022-02-13T08:06:44","guid":{"rendered":"https:\/\/dev.medicalservicefinder.com\/business-partners-terms-and-conditions\/"},"modified":"2026-03-06T09:30:46","modified_gmt":"2026-03-06T09:30:46","slug":"business-partners-terms-and-conditions","status":"publish","type":"page","link":"https:\/\/medicalservicefinder.com\/it\/business-partners-terms-and-conditions\/","title":{"rendered":"Termini e condizioni dei partner commerciali"},"content":{"rendered":"<h1>Termini e condizioni dei partner commerciali<\/h1>\n<h4>Data di entrata in vigore: 11 giugno 2025<\/h4>\n<h2><strong>Benvenuti.<\/strong><\/h2>\n<p>Le presenti Condizioni d&#x27;uso costituiscono un accordo legale tra l&#x27;utente, che agisca per conto proprio o per conto di una societ\u00e0 o organizzazione, e Budvoyage Media Kft., che opera con il nome di <a href=\"https:\/\/medicalservicefinder.com\/it\/\" target=\"_new\" rel=\"noopener\">medicalservicefinder.com<\/a> (&quot;noi&quot;, &quot;ci&quot; o &quot;nostro&quot;). Essi si applicano all&#x27;accesso e all&#x27;utilizzo del sito web medicalservicefinder.com e di qualsiasi servizio correlato, app mobile o canale multimediale (collettivamente denominati &quot;il Sito&quot;).<\/p>\n<p>Utilizzando il Sito, l&#x27;utente conferma di aver letto, compreso e accettato le presenti Condizioni d&#x27;uso, inclusa la nostra Informativa sulla privacy. Se l&#x27;utente non \u00e8 d&#x27;accordo, lo invitiamo a non utilizzare il Sito.<\/p>\n<p>Di tanto in tanto, potremmo pubblicare termini o documenti aggiuntivi sul Sito. Questi sono considerati parte integrante del presente accordo e si applicano allo stesso modo dei presenti Termini.<\/p>\n<p>Potremmo aggiornare o rivedere occasionalmente i presenti Termini per riflettere miglioramenti o modifiche legali. In tal caso, aggiorneremo la data di &quot;ultima modifica&quot; nella parte superiore della pagina. Se l&#x27;utente \u00e8 un utente registrato o un cliente, lo informeremo per iscritto di eventuali modifiche significative. Continuando a utilizzare il Sito dopo la pubblicazione delle modifiche, l&#x27;utente accetta i Termini aggiornati.<\/p>\n<p>Nota: le informazioni presenti su questo Sito potrebbero non essere adatte o legalmente consentite in tutte le localit\u00e0. Se accedi al Sito da fuori delle regioni previste, lo fai di tua iniziativa e sei responsabile del rispetto delle leggi locali.<\/p>\n<p>Questo Sito \u00e8 destinato a utenti di et\u00e0 superiore ai 18 anni. Se hai meno di 18 anni, non ti \u00e8 consentito registrarti o utilizzare il Sito.<\/p>\n<hr \/>\n<h2><strong>Diritti di propriet\u00e0 intellettuale<\/strong><\/h2>\n<p>Salvo diversa indicazione, tutto ci\u00f2 che si vede sul Sito, inclusi il codice sorgente, i database, il software, il design, il testo, le immagini, l&#x27;audio, i video e la grafica (collettivamente denominati &quot;Contenuti&quot;), insieme a tutti i marchi commerciali, i marchi di servizio e i loghi (denominati collettivamente &quot;Marchi commerciali&quot;) sono di nostra propriet\u00e0 o ci sono stati concessi in licenza. Sono protetti da copyright, marchi commerciali e altre leggi sulla propriet\u00e0 intellettuale.<\/p>\n<p>Forniamo questi Contenuti &quot;cos\u00ec come sono&quot; esclusivamente per uso personale e informativo. Salvo previa autorizzazione scritta da parte nostra, non \u00e8 consentito copiare, riprodurre, modificare, distribuire, pubblicare, visualizzare, vendere, concedere in licenza o utilizzare in altro modo qualsiasi parte del Sito, dei suoi Contenuti o dei Marchi per scopi commerciali.<\/p>\n<hr \/>\n<h2><strong>Dichiarazioni dell&#x27;utente<\/strong><\/h2>\n<p>Pubblicando contenuti (come testi e immagini) sul nostro sito web, l&#x27;utente ci autorizza a condividere tali contenuti sui nostri canali social media per promuovere sia la sua attivit\u00e0 che la nostra piattaforma. In caso di cancellazione dell&#x27;abbonamento, archivieremo i contenuti dell&#x27;utente e, se questi decidesse di tornare, potremo offrirgli la possibilit\u00e0 di ripristinarli e ripubblicarli.<\/p>\n<p>Utilizzando il nostro sito web, l&#x27;utente accetta che:<\/p>\n<ul class=\"square\">\n<li>\n<p>Tutte le informazioni fornite sono veritiere, accurate, aggiornate e complete.<\/p>\n<\/li>\n<li>\n<p>L&#x27;utente manterr\u00e0 aggiornate le proprie informazioni e le aggiorner\u00e0 secondo necessit\u00e0.<\/p>\n<\/li>\n<li>\n<p>Hai il diritto legale di utilizzare il Sito e accetti di rispettare i presenti Termini di utilizzo.<\/p>\n<\/li>\n<li>\n<p>Non utilizzerai il Sito per scopi illegali o non autorizzati.<\/p>\n<\/li>\n<li>\n<p>La tua attivit\u00e0 sul Sito sar\u00e0 conforme a tutte le leggi e i regolamenti applicabili.<\/p>\n<\/li>\n<\/ul>\n<p>Se riscontriamo che le informazioni fornite sono false, obsolete o incomplete, o se si fa un uso improprio della piattaforma, potremo sospendere o chiudere il Suo account e bloccare l&#x27;accesso futuro.<\/p>\n<hr \/>\n<h2><strong>Sicurezza dell&#x27;account<\/strong><\/h2>\n<p>L&#x27;utente \u00e8 responsabile del mantenimento della riservatezza delle credenziali del proprio account e di tutte le attivit\u00e0 che avvengono sotto il proprio account. Si prega di informarci immediatamente di qualsiasi uso non autorizzato o violazione della sicurezza.<\/p>\n<hr \/>\n<h2><strong>Tariffe e pagamenti<\/strong><\/h2>\n<p>Per pubblicare i contenuti relativi ai Suoi servizi medici sul nostro sito web, dovr\u00e0 scegliere e acquistare un piano di abbonamento. Pu\u00f2 utilizzare la nostra piattaforma come privato (ad esempio, per il Suo studio privato) o per conto di un&#x27;azienda.<\/p>\n<p>Tutti i pagamenti vengono elaborati tramite un sistema di fatturazione online sicuro. Utilizziamo Stripe come gateway di pagamento principale per pagamenti con carta comodi e sicuri. Se preferisci, hai anche la possibilit\u00e0 di pagare tramite bonifico bancario.<\/p>\n<p>Tutti i prezzi visualizzati sul sito web sono <strong>al netto dell&#x27;IVA e di qualsiasi altra imposta applicabile<\/strong>, salvo diversamente specificato.<br \/>\n<br \/>L&#x27;IVA sar\u00e0 aggiunta alle fatture ove richiesto dalla legge.<br \/>\nAi clienti commerciali<br \/>dell&#x27;UE che forniscono un numero di identificazione IVA valido verr\u00e0 fatturato <strong>senza IVA in base al meccanismo di inversione contabile<\/strong>.<\/p>\n<p>Se il vostro abbonamento include la fatturazione ricorrente, ci autorizzate ad addebitare automaticamente il vostro metodo di pagamento per ogni periodo di rinnovo, a meno che non cancelliate il vostro abbonamento in anticipo. Non sar\u00e0 necessario approvare ogni addebito singolarmente.<\/p>\n<p>Ci riserviamo il diritto di:<\/p>\n<ul class=\"square\">\n<li>\n<p>Correggere eventuali errori di prezzo, anche dopo che il pagamento \u00e8 stato effettuato.<\/p>\n<\/li>\n<li>\n<p>Rifiutare o annullare qualsiasi ordine effettuato tramite il Sito, se necessario.<\/p>\n<\/li>\n<\/ul>\n<p>Se avete domande sui pagamenti o sulla fatturazione, non esitate a contattarci: saremo lieti di assistervi.<\/p>\n<hr \/>\n<h2><strong>Rinnovo del piano di abbonamento<\/strong><\/h2>\n<p>A meno che non ci comunichi prima della fine del periodo di abbonamento applicabile che desidera terminare il suo abbonamento, questo verr\u00e0 rinnovato automaticamente e ci autorizza a riscuotere la quota di abbonamento mensile, trimestrale o annuale applicabile utilizzando qualsiasi carta di credito o altro metodo di pagamento da noi registrato a suo nome.<\/p>\n<hr \/>\n<h2><strong>Periodo di prova<\/strong><\/h2>\n<p>Offriamo una <strong>prova gratuita di 14 giorni<\/strong> per consentirvi di esplorare i nostri servizi prima di sottoscrivere un abbonamento a pagamento. Durante il periodo di prova, potrete accedere alla maggior parte delle funzionalit\u00e0 della piattaforma senza alcun costo. Potrete annullare l&#x27;abbonamento in qualsiasi momento durante il periodo di prova. <strong>Se non annullate prima della fine del periodo di prova, l&#x27;abbonamento continuer\u00e0 automaticamente come abbonamento a pagamento e vi sar\u00e0 addebitato il canone di abbonamento applicabile.<\/strong><\/p>\n<p><strong>Limitazioni d&#x27;uso della versione di prova:<\/strong><br \/>\nAl<br \/>fine di garantire un uso corretto e prevenire abusi, durante il periodo di prova potrebbero essere applicate alcune restrizioni. Ad esempio, gli account di prova potrebbero essere soggetti a limitazioni relative al numero di profili di cliniche e\/o medici che \u00e8 possibile creare o pubblicare, al numero di modifiche o azioni collettive disponibili e all&#x27;accesso a funzionalit\u00e0 avanzate riservate ai clienti paganti. Potremmo inoltre applicare misure di sicurezza tecniche ragionevoli, quali limiti di velocit\u00e0, throttling e revisione manuale delle attivit\u00e0 sospette. Ci riserviamo il diritto di modificare o applicare queste limitazioni, se necessario, per proteggere la piattaforma e gli altri utenti. Se in futuro apporteremo modifiche all&#x27;offerta di prova, queste si applicheranno solo ai nuovi utenti.<\/p>\n<hr \/>\n<h2><strong>Limiti del servizio di traduzione<\/strong><\/h2>\n<p>La traduzione dei contenuti dei profili delle cliniche o dei medici in altre lingue <strong>non<\/strong> \u00e8 <strong>inclusa<\/strong> nei piani di abbonamento standard, salvo diversamente specificato nella pagina del prodotto, nella fattura o nell&#x27;accordo scritto applicabile.<\/p>\n<p>Potremmo offrire la traduzione come componente <strong>aggiuntivo<\/strong> <strong>opzionale a pagamento<\/strong> o in base a un accordo separato. Laddove vengono forniti servizi di traduzione, questi potrebbero essere soggetti a limiti di utilizzo corretto, vincoli tecnici e restrizioni di ambito (ad esempio: lingue supportate, limiti di caratteri, tipo di contenuto e frequenza degli aggiornamenti). Espansioni sostanziali dei contenuti, modifiche frequenti che richiedono una nuova traduzione o richieste di traduzione in blocco potrebbero richiedere costi aggiuntivi.<\/p>\n<p>L&#x27;utente \u00e8 responsabile di garantire che il contenuto di origine inviato per la traduzione sia accurato, legale e non violi i diritti di terzi. Non garantiamo che il contenuto tradotto sia privo di errori o adatto a specifici scopi normativi o di marketing.<\/p>\n<hr \/>\n<h2><strong>Prevenzione degli abusi<\/strong><\/h2>\n<p>Qualsiasi tentativo di abuso dei nostri servizi, inclusa la creazione di pi\u00f9 account di prova, l&#x27;aggiramento dei limiti della piattaforma, l&#x27;invio di richieste automatizzate o abusive, lo scraping o l&#x27;estrazione di dati dal sito, il caricamento di contenuti illegali o qualsiasi altra interferenza con il funzionamento, la sicurezza o l&#x27;integrit\u00e0 della piattaforma, pu\u00f2 comportare la limitazione, la sospensione o la chiusura del tuo account.<\/p>\n<p>Ci riserviamo il diritto di indagare su sospetti abusi, richiedere ulteriori verifiche, limitare l&#x27;accesso a determinate funzionalit\u00e0 e intraprendere le azioni appropriate per proteggere la piattaforma e gli altri utenti. Qualora l&#x27;uso improprio comporti costi o danni quantificabili (inclusi chargeback o frodi), potremo richiedere un rimborso e intraprendere azioni legali nei limiti consentiti dalla legge.<\/p>\n<hr \/>\n<h2><strong>Cancellazione del piano di abbonamento<\/strong><\/h2>\n<p>\u00c8 possibile annullare l&#x27;abbonamento in qualsiasi momento inviando un&#x27;e-mail all&#x27;indirizzo <a rel=\"noopener\">hello@medicalservicefinder.com<\/a>. La cancellazione avr\u00e0 effetto alla fine del periodo di fatturazione in corso e non vi saranno addebitati ulteriori costi. Sebbene tutti i pagamenti siano generalmente non rimborsabili, offriamo un periodo di grazia di 48 ore dopo il pagamento durante il quale \u00e8 possibile richiedere un rimborso. Se non siete soddisfatti o avete domande, non esitate a contattarci: siamo qui per aiutarvi.<\/p>\n<hr \/>\n<h2><strong>Protezione dei dati e privacy<\/strong><\/h2>\n<p>Trattiamo i Suoi dati personali e aziendali in conformit\u00e0 con la nostra Informativa sulla privacy. Lei \u00e8 responsabile di garantire di avere il diritto di fornire qualsiasi dato aziendale o informazione di terzi caricati sul Sito.<\/p>\n<hr \/>\n<h2><strong>Limitazione di responsabilit\u00e0<\/strong><\/h2>\n<p>Nella misura massima consentita dalla legge, Budvoyage Media Kft. non sar\u00e0 responsabile per eventuali danni indiretti, incidentali, consequenziali, speciali o esemplari derivanti da o in connessione con l&#x27;utilizzo del Sito o dei servizi, anche se siamo stati informati della possibilit\u00e0 di tali danni. Tutti i contenuti e i servizi sono forniti &quot;cos\u00ec come sono&quot; e &quot;come disponibili&quot;. Non garantiamo il funzionamento ininterrotto o privo di errori del Sito.<\/p>\n<hr \/>\n<h2><strong>Indennizzo<\/strong><\/h2>\n<p>L&#x27;utente accetta di difendere, indennizzare e manlevare Budvoyage Media Kft., i suoi amministratori, dipendenti e affiliati da qualsiasi reclamo, danno, responsabilit\u00e0 e spesa (incluse le spese legali) derivanti dall&#x27;utilizzo del Sito, dai contenuti dell&#x27;utente o dalla violazione dei presenti Termini.<\/p>\n<hr \/>\n<h2><strong>Forza maggiore<\/strong><\/h2>\n<p>Non siamo responsabili per eventuali inadempienze dovute a circostanze impreviste o cause al di fuori del nostro ragionevole controllo, inclusi, a titolo esemplificativo ma non esaustivo, calamit\u00e0 naturali, guerre, terrorismo, azioni governative o interruzioni di Internet.<\/p>\n<hr \/>\n<h2><strong>Modifiche ai servizi<\/strong><\/h2>\n<p>Ci riserviamo il diritto di aggiungere, rimuovere o modificare le funzionalit\u00e0 o i servizi del Sito in qualsiasi momento, con o senza preavviso. Tali modifiche possono influire sull&#x27;utilizzo del Sito da parte dell&#x27;utente, ma non alterano la responsabilit\u00e0 dell&#x27;utente di rispettare i presenti Termini.<\/p>\n<hr \/>\n<h2><strong>Cessazione per convenienza<\/strong><\/h2>\n<p>Ci riserviamo il diritto di risolvere o sospendere l&#x27;accesso dell&#x27;utente al Sito o ai servizi in qualsiasi momento, per qualsiasi motivo, con o senza preavviso.<\/p>\n<hr \/>\n<h2><strong>Legge applicabile<\/strong><\/h2>\n<p>I presenti Termini sono regolati e interpretati in conformit\u00e0 con le leggi dell&#x27;Ungheria. Qualsiasi controversia derivante dai presenti Termini o dall&#x27;utilizzo del Sito da parte dell&#x27;utente sar\u00e0 risolta esclusivamente dai tribunali dell&#x27;Ungheria.<\/p>\n<hr \/>\n<h2><strong>Contattaci<\/strong><\/h2>\n<p>Non sa esattamente cosa sta cercando o desidera semplicemente qualche chiarimento? Saremo lieti di discutere con Lei e fornirLe ulteriori informazioni.<\/p>\n<p>E-mail: <a rel=\"noopener\">hello@medicalservicefinder.com<\/a><\/p>\n","protected":false},"excerpt":{"rendered":"<p>Termini e condizioni dei partner commerciali Data di entrata in vigore: 11 giugno 2025 Benvenuti. Le presenti Condizioni d&#x27;uso costituiscono un accordo legale tra l&#x27;utente, che agisca per conto proprio o per conto di una societ\u00e0 o organizzazione, e Budvoyage Media Kft., che opera con il nome di medicalservicefinder.com (&quot;noi&quot;, &quot;ci&quot; o &quot;nostro&quot;). Essi si<a class=\"moretag\" href=\"https:\/\/medicalservicefinder.com\/it\/business-partners-terms-and-conditions\/\"> Read more&#8230;<\/a><\/p>\n","protected":false},"author":1,"featured_media":0,"parent":0,"menu_order":2,"comment_status":"closed","ping_status":"closed","template":"elementor_header_footer","meta":{"_acf_changed":false,"inline_featured_image":false,"footnotes":""},"class_list":["post-2880","page","type-page","status-publish","hentry"],"acf":[],"_links":{"self":[{"href":"https:\/\/medicalservicefinder.com\/it\/wp-json\/wp\/v2\/pages\/2880","targetHints":{"allow":["GET"]}}],"collection":[{"href":"https:\/\/medicalservicefinder.com\/it\/wp-json\/wp\/v2\/pages"}],"about":[{"href":"https:\/\/medicalservicefinder.com\/it\/wp-json\/wp\/v2\/types\/page"}],"author":[{"embeddable":true,"href":"https:\/\/medicalservicefinder.com\/it\/wp-json\/wp\/v2\/users\/1"}],"replies":[{"embeddable":true,"href":"https:\/\/medicalservicefinder.com\/it\/wp-json\/wp\/v2\/comments?post=2880"}],"version-history":[{"count":2,"href":"https:\/\/medicalservicefinder.com\/it\/wp-json\/wp\/v2\/pages\/2880\/revisions"}],"predecessor-version":[{"id":21955,"href":"https:\/\/medicalservicefinder.com\/it\/wp-json\/wp\/v2\/pages\/2880\/revisions\/21955"}],"wp:attachment":[{"href":"https:\/\/medicalservicefinder.com\/it\/wp-json\/wp\/v2\/media?parent=2880"}],"curies":[{"name":"wp","href":"https:\/\/api.w.org\/{rel}","templated":true}]}}