{"id":3085,"date":"2024-06-04T14:28:03","date_gmt":"2024-06-04T13:28:03","guid":{"rendered":"https:\/\/dev.medicalservicefinder.com\/impressum\/"},"modified":"2026-02-20T11:28:38","modified_gmt":"2026-02-20T11:28:38","slug":"impressum","status":"publish","type":"page","link":"https:\/\/medicalservicefinder.com\/fr\/impressum\/","title":{"rendered":"Impressum"},"content":{"rendered":"\t\t<div data-elementor-type=\"wp-page\" data-elementor-id=\"3085\" class=\"elementor elementor-3085 elementor-661\" data-elementor-post-type=\"page\">\n\t\t\t\t<div class=\"elementor-element elementor-element-f266536 e-flex e-con-boxed e-con e-parent\" data-id=\"f266536\" data-element_type=\"container\" data-settings=\"{&quot;ekit_has_onepagescroll_dot&quot;:&quot;yes&quot;}\">\n\t\t\t\t\t<div class=\"e-con-inner\">\n\t\t\t\t<div class=\"elementor-element elementor-element-5f57cff elementor-widget elementor-widget-heading\" data-id=\"5f57cff\" data-element_type=\"widget\" data-settings=\"{&quot;ekit_we_effect_on&quot;:&quot;none&quot;}\" data-widget_type=\"heading.default\">\n\t\t\t\t<div class=\"elementor-widget-container\">\n\t\t\t\t\t<h1 class=\"elementor-heading-title elementor-size-default\">Impressum<\/h1>\t\t\t\t<\/div>\n\t\t\t\t<\/div>\n\t\t\t\t<div class=\"elementor-element elementor-element-7b59c3a elementor-widget elementor-widget-text-editor\" data-id=\"7b59c3a\" data-element_type=\"widget\" data-settings=\"{&quot;ekit_we_effect_on&quot;:&quot;none&quot;}\" data-widget_type=\"text-editor.default\">\n\t\t\t\t<div class=\"elementor-widget-container\">\n\t\t\t\t\t\t\t\t\t<table style=\"border-collapse: collapse; line-height: 1.8;\"><tbody><tr><td style=\"padding-right: 20px;\"><strong>Nom :<\/strong><\/td><td>Budvoyage Media Kft.<\/td><\/tr><tr><td style=\"padding-right: 20px;\"><strong>Adresse du si\u00e8ge social :<\/strong><\/td><td>1054 Budapest, Perczel M\u00f3r u. 4, Hongrie <\/td><\/tr><tr><td style=\"padding-right: 20px;\"><strong>Directeur g\u00e9n\u00e9ral :<\/strong><\/td><td>Gy\u00f6ngyv\u00e9r B\u00f6g\u00f6zi<\/td><\/tr><tr><td style=\"padding-right: 20px;\"><strong>TVA UE :<\/strong><\/td><td>HU24714549<\/td><\/tr><tr><td style=\"padding-right: 20px;\"><strong>Fournisseur d&rsquo;h\u00e9bergement :<\/strong><\/td><td><p>Hetzner Online GmbH, Industriestr. 25, 91710 Gunzenhausen, Allemagne <\/p><\/td><\/tr><tr><td style=\"padding-right: 20px;\"><strong>Courriel :<\/strong><\/td><td><a href=\"mailto:hello@medicalservicefinder.com\">hello@medicalservicefinder.com<\/a><\/td><\/tr><tr><td style=\"padding-top: 10px;\" colspan=\"2\"><strong>Coordonn\u00e9es bancaires :<\/strong><\/td><\/tr><tr><td style=\"padding-right: 20px;\">Nom de la banque :<\/td><td>OTP Bank Nyrt.<\/td><\/tr><tr><td style=\"padding-right: 20px;\">IBAN :<\/td><td>HU16 1176 3079 1698 9883 0000 0000<\/td><\/tr><tr><td style=\"padding-right: 20px;\">BIC \/ SWIFT :<\/td><td>OTPVHUHB<\/td><\/tr><\/tbody><\/table>\t\t\t\t\t\t\t\t<\/div>\n\t\t\t\t<\/div>\n\t\t\t\t\t<\/div>\n\t\t\t\t<\/div>\n\t\t\t\t<\/div>\n\t\t","protected":false},"excerpt":{"rendered":"<p>Impressum Nom : Budvoyage Media Kft. Adresse du si\u00e8ge social : 1054 Budapest, Perczel M\u00f3r u. 4, Hongrie Directeur g\u00e9n\u00e9ral : Gy\u00f6ngyv\u00e9r B\u00f6g\u00f6zi TVA UE : HU24714549 Fournisseur d&rsquo;h\u00e9bergement : Hetzner Online GmbH, Industriestr. 25, 91710 Gunzenhausen, Allemagne Courriel : hello@medicalservicefinder.com Coordonn\u00e9es bancaires : Nom de la banque : OTP Bank Nyrt. IBAN : HU16<a class=\"moretag\" href=\"https:\/\/medicalservicefinder.com\/fr\/impressum\/\"> Read more&#8230;<\/a><\/p>\n","protected":false},"author":1,"featured_media":0,"parent":0,"menu_order":0,"comment_status":"closed","ping_status":"closed","template":"elementor_header_footer","meta":{"_acf_changed":false,"inline_featured_image":false,"footnotes":""},"folder":[521],"class_list":["post-3085","page","type-page","status-publish","hentry"],"acf":[],"_links":{"self":[{"href":"https:\/\/medicalservicefinder.com\/fr\/wp-json\/wp\/v2\/pages\/3085","targetHints":{"allow":["GET"]}}],"collection":[{"href":"https:\/\/medicalservicefinder.com\/fr\/wp-json\/wp\/v2\/pages"}],"about":[{"href":"https:\/\/medicalservicefinder.com\/fr\/wp-json\/wp\/v2\/types\/page"}],"author":[{"embeddable":true,"href":"https:\/\/medicalservicefinder.com\/fr\/wp-json\/wp\/v2\/users\/1"}],"replies":[{"embeddable":true,"href":"https:\/\/medicalservicefinder.com\/fr\/wp-json\/wp\/v2\/comments?post=3085"}],"version-history":[{"count":2,"href":"https:\/\/medicalservicefinder.com\/fr\/wp-json\/wp\/v2\/pages\/3085\/revisions"}],"predecessor-version":[{"id":21169,"href":"https:\/\/medicalservicefinder.com\/fr\/wp-json\/wp\/v2\/pages\/3085\/revisions\/21169"}],"wp:attachment":[{"href":"https:\/\/medicalservicefinder.com\/fr\/wp-json\/wp\/v2\/media?parent=3085"}],"wp:term":[{"taxonomy":"folder","embeddable":true,"href":"https:\/\/medicalservicefinder.com\/fr\/wp-json\/wp\/v2\/folder?post=3085"}],"curies":[{"name":"wp","href":"https:\/\/api.w.org\/{rel}","templated":true}]}}