{"id":2929,"date":"2020-10-28T16:01:10","date_gmt":"2020-10-28T16:01:10","guid":{"rendered":"https:\/\/dev.medicalservicefinder.com\/cookie-policy\/"},"modified":"2026-03-06T10:16:36","modified_gmt":"2026-03-06T10:16:36","slug":"cookie-policy","status":"publish","type":"page","link":"https:\/\/medicalservicefinder.com\/fr\/cookie-policy\/","title":{"rendered":"Politique relative aux cookies"},"content":{"rendered":"<h1>Politique en mati\u00e8re de cookies<\/h1>\n<p><strong>Derni\u00e8re mise \u00e0 jour : 6 mars 2026<\/strong><\/p>\n<hr>\n<h2><strong>1. Introduction<\/strong><\/h2>\n<p>\nBudvoyage Media Kft., en tant que propri\u00e9taire de ce site Web, accorde une grande importance aux droits \u00e0 la vie priv\u00e9e des utilisateurs de notre site Web<br \/>\n(<strong><em>https:\/\/www.medicalservicefinder.com\/<\/em><\/strong>) (le \u00ab <strong>Site Web<\/strong> \u00bb) et s&#x27;engage<br \/>\n\u00e0 prot\u00e9ger et \u00e0 respecter votre vie priv\u00e9e.\n<\/p>\n<p>\nEn utilisant le Site Web, vous acceptez l&#x27;utilisation de cookies et d&#x27;autres outils de suivi conform\u00e9ment \u00e0 la pr\u00e9sente politique<br \/>\n(sauf si vous d\u00e9sactivez les cookies \u00e0 l&#x27;aide des param\u00e8tres de votre navigateur, comme d\u00e9crit ci-dessous, ou par tout autre moyen de d\u00e9sactivation).\n<\/p>\n<hr>\n<h2><strong>2. Que sont les cookies et les balises web ?<\/strong><\/h2>\n<p>\nLes cookies sont des fichiers texte contenant de petites quantit\u00e9s d&#x27;informations qui sont t\u00e9l\u00e9charg\u00e9s sur votre appareil lorsque vous visitez un site Web.<br \/>\nLes cookies sont ensuite renvoy\u00e9s au site Web d&#x27;origine \u00e0 chaque visite ult\u00e9rieure, ou \u00e0 un autre site Web qui reconna\u00eet ce cookie.<br \/>\nLes cookies sont utiles car ils permettent \u00e0 un site Web de reconna\u00eetre l&#x27;appareil d&#x27;un utilisateur.\n<\/p>\n<p>\nVous trouverez plus d&#x27;informations sur les cookies sur<br \/>\n<a href=\"http:\/\/www.allaboutcookies.org\/\" target=\"_new\" rel=\"noopener\">www.allaboutcookies.org<\/a> et<br \/>\n<a href=\"http:\/\/www.youronlinechoices.eu\/\" target=\"_new\" rel=\"noopener\">www.youronlinechoices.eu<\/a>.\n<\/p>\n<p>\nUne balise web est une petite image (g\u00e9n\u00e9ralement int\u00e9gr\u00e9e \u00e0 une page web ou \u00e0 un e-mail) qui permet \u00e0 un site web de compter les utilisateurs qui ont visit\u00e9 cette page ou d&#x27;acc\u00e9der \u00e0 certains cookies.\n<\/p>\n<hr>\n<h2><strong>3. Pourquoi utilisons-nous des cookies ?<\/strong><\/h2>\n<p>\nLorsque vous visitez notre site Web, nous pouvons installer et acc\u00e9der \u00e0 certains cookies sur votre appareil. Ces cookies nous permettent de :\n<\/p>\n<ul class=\"square\">\n<li>Estimer la taille de l&#x27;audience et les habitudes d&#x27;utilisation<\/li>\n<li>Stocker des informations sur les pr\u00e9f\u00e9rences des utilisateurs<\/li>\n<li>Personnaliser le site Web en fonction des int\u00e9r\u00eats individuels<\/li>\n<li>Acc\u00e9l\u00e9rer la navigation<\/li>\n<li>Reconna\u00eetre les visiteurs qui reviennent<\/li>\n<\/ul>\n<p>\nEn plus de nos propres cookies, nous pouvons autoriser nos partenaires commerciaux et nos affili\u00e9s \u00e0 installer et \u00e0 acc\u00e9der \u00e0 des cookies sur votre appareil.<br \/>\nL&#x27;utilisation de cookies par ces tiers est r\u00e9gie par leurs propres politiques de confidentialit\u00e9.\n<\/p>\n<hr>\n<h2><strong>4. Types de cookies<\/strong><\/h2>\n<p>Il existe trois principaux types de cookies g\u00e9n\u00e9ralement utilis\u00e9s sur les sites Web :<\/p>\n<p><strong>Cookies strictement n\u00e9cessaires<\/strong><\/p>\n<p>\nCes cookies sont essentiels pour vous permettre de naviguer sur le site Web et d&#x27;utiliser ses fonctionnalit\u00e9s, telles que l&#x27;acc\u00e8s \u00e0 des zones s\u00e9curis\u00e9es.<br \/>\nSans ces cookies, certains services ne peuvent pas \u00eatre fournis.\n<\/p>\n<p>\nLeur dur\u00e9e de vie ne d\u00e9passe g\u00e9n\u00e9ralement pas la dur\u00e9e de votre visite et ils sont supprim\u00e9s lorsque vous fermez votre navigateur.<br \/>\nIls ne contiennent aucune information personnelle permettant d&#x27;identifier une personne.\n<\/p>\n<p><strong>Cookies de fonctionnalit\u00e9<\/strong><\/p>\n<p>\nCes cookies permettent au site web de m\u00e9moriser vos choix (tels que la langue ou la r\u00e9gion) et offrent des fonctionnalit\u00e9s am\u00e9lior\u00e9es.<br \/>\nLes informations collect\u00e9es peuvent \u00eatre anonymis\u00e9es et ne permettent pas de suivre votre activit\u00e9 de navigation sur d&#x27;autres sites web.\n<\/p>\n<p><strong>Cookies de performance<\/strong><\/p>\n<p>\nCes cookies collectent des informations sur la mani\u00e8re dont les visiteurs utilisent un site web, par exemple les pages les plus fr\u00e9quemment consult\u00e9es ou les messages d&#x27;erreur \u00e9ventuels.<br \/>\nLes informations collect\u00e9es sont agr\u00e9g\u00e9es et anonymes et ne sont utilis\u00e9es que pour am\u00e9liorer le fonctionnement du site web.\n<\/p>\n<hr>\n<h2><strong>5. Comment d\u00e9sactiver les cookies<\/strong><\/h2>\n<p>Vous pouvez choisir de d\u00e9sactiver les cookies \u00e0 tout moment.<\/p>\n<p>\nVotre navigateur peut \u00eatre configur\u00e9 pour vous informer des cookies stock\u00e9s sur votre appareil et vous demander si vous souhaitez les accepter.<br \/>\nVous pouvez \u00e9galement refuser les cookies individuellement ou d\u00e9sactiver tous les cookies.\n<\/p>\n<p>\nVeuillez noter que si vous refusez tous les cookies, certaines parties de notre site Web peuvent ne pas fonctionner correctement.\n<\/p>\n<p>\nLes diff\u00e9rents navigateurs utilisent des m\u00e9thodes diff\u00e9rentes pour g\u00e9rer les cookies. Veuillez consulter la section d&#x27;aide de votre navigateur ou visiter les pages suivantes :\n<\/p>\n<ul class=\"square\">\n<li>Internet Explorer : <a href=\"https:\/\/support.microsoft.com\/en-gb\/help\/17442\/windows-internet-explorer-delete-manage-cookies\" target=\"_new\" rel=\"noopener\">Assistance Microsoft<\/a><\/li>\n<li>Firefox : <a href=\"https:\/\/support.mozilla.org\/en-US\/kb\/enable-and-disable-cookies-website-preferences\" target=\"_new\" rel=\"noopener\">Assistance Mozilla<\/a><\/li>\n<li>Safari : <a href=\"https:\/\/support.apple.com\/kb\/PH21411?locale=en_GB\" target=\"_new\" rel=\"noopener\">Assistance Apple<\/a><\/li>\n<li>Google Chrome : <a href=\"https:\/\/support.google.com\/chrome\/answer\/95647?co=GENIE.Platform%3DDesktop&amp;hl=en\" target=\"_new\" rel=\"noopener\">Assistance Google<\/a><\/li>\n<\/ul>\n<p>\nSi vous retirez votre consentement aux cookies, nous ne pouvons pas supprimer nous-m\u00eames les cookies tiers.<br \/>\nPour les supprimer, vous devez les effacer dans les param\u00e8tres des cookies de votre navigateur.\n<\/p>\n<hr>\n<h2><strong>6. Modifications apport\u00e9es \u00e0 la pr\u00e9sente politique en mati\u00e8re de cookies<\/strong><\/h2>\n<p>\nToute modification apport\u00e9e \u00e0 la pr\u00e9sente politique en mati\u00e8re de cookies sera publi\u00e9e sur cette page.\n<\/p>\n<hr>\n<h2><strong>7. Contact<\/strong><\/h2>\n<p>\nSi vous avez des questions ou des commentaires concernant notre politique en mati\u00e8re de cookies ou la mani\u00e8re dont nous utilisons les cookies, veuillez contacter notre d\u00e9l\u00e9gu\u00e9 \u00e0 la protection des donn\u00e9es :\n<\/p>\n<p>\n<strong>E-mail :<\/strong> <a href=\"mailto:dpo@medicalservicefinder.com\">dpo@medicalservicefinder.com<\/a><\/p>\n","protected":false},"excerpt":{"rendered":"<p>Politique en mati\u00e8re de cookies Derni\u00e8re mise \u00e0 jour : 6 mars 2026 1. Introduction Budvoyage Media Kft., en tant que propri\u00e9taire de ce site Web, accorde une grande importance aux droits \u00e0 la vie priv\u00e9e des utilisateurs de notre site Web (https:\/\/www.medicalservicefinder.com\/) (le \u00ab Site Web \u00bb) et s&#x27;engage \u00e0 prot\u00e9ger et \u00e0 respecter<a class=\"moretag\" href=\"https:\/\/medicalservicefinder.com\/fr\/cookie-policy\/\"> Read more&#8230;<\/a><\/p>\n","protected":false},"author":1,"featured_media":0,"parent":0,"menu_order":9,"comment_status":"closed","ping_status":"closed","template":"elementor_header_footer","meta":{"_acf_changed":false,"inline_featured_image":false,"footnotes":""},"folder":[],"class_list":["post-2929","page","type-page","status-publish","hentry"],"acf":[],"_links":{"self":[{"href":"https:\/\/medicalservicefinder.com\/fr\/wp-json\/wp\/v2\/pages\/2929","targetHints":{"allow":["GET"]}}],"collection":[{"href":"https:\/\/medicalservicefinder.com\/fr\/wp-json\/wp\/v2\/pages"}],"about":[{"href":"https:\/\/medicalservicefinder.com\/fr\/wp-json\/wp\/v2\/types\/page"}],"author":[{"embeddable":true,"href":"https:\/\/medicalservicefinder.com\/fr\/wp-json\/wp\/v2\/users\/1"}],"replies":[{"embeddable":true,"href":"https:\/\/medicalservicefinder.com\/fr\/wp-json\/wp\/v2\/comments?post=2929"}],"version-history":[{"count":1,"href":"https:\/\/medicalservicefinder.com\/fr\/wp-json\/wp\/v2\/pages\/2929\/revisions"}],"predecessor-version":[{"id":21982,"href":"https:\/\/medicalservicefinder.com\/fr\/wp-json\/wp\/v2\/pages\/2929\/revisions\/21982"}],"wp:attachment":[{"href":"https:\/\/medicalservicefinder.com\/fr\/wp-json\/wp\/v2\/media?parent=2929"}],"wp:term":[{"taxonomy":"folder","embeddable":true,"href":"https:\/\/medicalservicefinder.com\/fr\/wp-json\/wp\/v2\/folder?post=2929"}],"curies":[{"name":"wp","href":"https:\/\/api.w.org\/{rel}","templated":true}]}}