{"id":2938,"date":"2020-10-28T16:01:10","date_gmt":"2020-10-28T16:01:10","guid":{"rendered":"https:\/\/dev.medicalservicefinder.com\/cookie-policy\/"},"modified":"2026-03-06T10:16:50","modified_gmt":"2026-03-06T10:16:50","slug":"cookie-policy","status":"publish","type":"page","link":"https:\/\/medicalservicefinder.com\/es\/cookie-policy\/","title":{"rendered":"Pol\u00edtica de cookies"},"content":{"rendered":"<h1>Pol\u00edtica de cookies<\/h1>\n<p><strong>\u00daltima actualizaci\u00f3n: 6 de marzo de 2026<\/strong><\/p>\n<hr>\n<h2><strong>1. Introducci\u00f3n<\/strong><\/h2>\n<p>\nBudvoyage Media Kft., como propietario de este sitio web, se toma muy en serio los derechos de privacidad de los usuarios de nuestro sitio web<br \/>\n(<strong><em>https:\/\/www.medicalservicefinder.com\/<\/em><\/strong>) (el \u00ab<strong>Sitio web<\/strong>\u00bb) y se compromete<br \/>\na proteger y respetar su privacidad.\n<\/p>\n<p>\nAl utilizar el Sitio web, usted acepta el uso de cookies y otras herramientas de seguimiento de acuerdo con esta pol\u00edtica<br \/>\n(a menos que desactive las cookies mediante la configuraci\u00f3n de su navegador, como se describe a continuaci\u00f3n, o por cualquier otro medio de desactivaci\u00f3n).\n<\/p>\n<hr>\n<h2><strong>2. \u00bfQu\u00e9 son las cookies y las balizas web?<\/strong><\/h2>\n<p>\nLas cookies son archivos de texto que contienen peque\u00f1as cantidades de informaci\u00f3n y que se descargan en su dispositivo cuando visita un sitio web.<br \/>\nLas cookies se env\u00edan de vuelta al sitio web de origen en cada visita posterior, o a otro sitio web que reconozca esa cookie.<br \/>\nLas cookies son \u00fatiles porque permiten que un sitio web reconozca el dispositivo de un usuario.\n<\/p>\n<p>\nPuede encontrar m\u00e1s informaci\u00f3n sobre las cookies en<br \/>\n<a href=\"http:\/\/www.allaboutcookies.org\/\" target=\"_new\" rel=\"noopener\">www.allaboutcookies.org<\/a> y<br \/>\n<a href=\"http:\/\/www.youronlinechoices.eu\/\" target=\"_new\" rel=\"noopener\">www.youronlinechoices.eu<\/a>.\n<\/p>\n<p>\nUna baliza web es una peque\u00f1a imagen (normalmente incrustada en una p\u00e1gina web o en un correo electr\u00f3nico) que permite a un sitio web contar los usuarios que han visitado esa p\u00e1gina o acceder a determinadas cookies.\n<\/p>\n<hr>\n<h2><strong>3. Por qu\u00e9 utilizamos cookies<\/strong><\/h2>\n<p>\nCuando visita nuestro sitio web, podemos establecer y acceder a determinadas cookies en su dispositivo. Estas cookies nos permiten:\n<\/p>\n<ul class=\"square\">\n<li>Estimar el tama\u00f1o de la audiencia y los patrones de uso.<\/li>\n<li>Almacenar informaci\u00f3n sobre las preferencias de los usuarios.<\/li>\n<li>Personalizar el sitio web seg\u00fan los intereses individuales<\/li>\n<li>Acelerar la navegaci\u00f3n<\/li>\n<li>Reconocer a los visitantes que regresan<\/li>\n<\/ul>\n<p>\nAdem\u00e1s de nuestras propias cookies, podemos permitir que nuestros socios comerciales y afiliados establezcan y accedan a cookies en su dispositivo.<br \/>\nEl uso de cookies por parte de estos terceros se rige por sus propias pol\u00edticas de privacidad.\n<\/p>\n<hr>\n<h2><strong>4. Tipos de cookies<\/strong><\/h2>\n<p>Hay tres tipos principales de cookies que se utilizan generalmente en los sitios web:<\/p>\n<p><strong>Cookies estrictamente necesarias<\/strong><\/p>\n<p>\nEstas cookies son esenciales para que usted pueda navegar por el sitio web y utilizar sus funciones, como acceder a \u00e1reas seguras.<br \/>\nSin estas cookies, no se pueden prestar determinados servicios.\n<\/p>\n<p>\nSu vida \u00fatil suele durar solo mientras dura su visita y se eliminan cuando cierra su navegador.<br \/>\nNo contienen informaci\u00f3n personal que pueda identificar a una persona.\n<\/p>\n<p><strong>Cookies de funcionalidad<\/strong><\/p>\n<p>\nEstas cookies permiten que el sitio web recuerde las elecciones que usted realiza (como el idioma o la regi\u00f3n) y proporcionan funciones mejoradas.<br \/>\nLa informaci\u00f3n recopilada puede ser an\u00f3nima y no rastrea la actividad de navegaci\u00f3n en otros sitios web.\n<\/p>\n<p><strong>Cookies de rendimiento<\/strong><\/p>\n<p>\nEstas cookies recopilan informaci\u00f3n sobre c\u00f3mo utilizan los visitantes un sitio web, por ejemplo, qu\u00e9 p\u00e1ginas se visitan con m\u00e1s frecuencia o si se producen mensajes de error.<br \/>\nLa informaci\u00f3n recopilada es agregada y an\u00f3nima, y solo se utiliza para mejorar el funcionamiento del sitio web.\n<\/p>\n<hr>\n<h2><strong>5. C\u00f3mo desactivar las cookies<\/strong><\/h2>\n<p>Puede desactivar las cookies en cualquier momento.<\/p>\n<p>\nSu navegador puede configurarse para que le notifique las cookies almacenadas en su dispositivo y le pregunte si desea aceptarlas.<br \/>\nTambi\u00e9n puede rechazar las cookies individualmente o desactivarlas todas.\n<\/p>\n<p>\nTenga en cuenta que si rechaza todas las cookies, es posible que algunas partes de nuestro sitio web no funcionen correctamente.\n<\/p>\n<p>\nLos diferentes navegadores utilizan diferentes m\u00e9todos para gestionar las cookies. Consulte la secci\u00f3n de ayuda de su navegador o visite las siguientes p\u00e1ginas:\n<\/p>\n<ul class=\"square\">\n<li>Internet Explorer: <a href=\"https:\/\/support.microsoft.com\/en-gb\/help\/17442\/windows-internet-explorer-delete-manage-cookies\" target=\"_new\" rel=\"noopener\">Soporte t\u00e9cnico de Microsoft<\/a><\/li>\n<li>Firefox: <a href=\"https:\/\/support.mozilla.org\/en-US\/kb\/enable-and-disable-cookies-website-preferences\" target=\"_new\" rel=\"noopener\">Soporte t\u00e9cnico de Mozilla<\/a><\/li>\n<li>Safari: <a href=\"https:\/\/support.apple.com\/kb\/PH21411?locale=en_GB\" target=\"_new\" rel=\"noopener\">Soporte t\u00e9cnico de Apple<\/a><\/li>\n<li>Google Chrome: <a href=\"https:\/\/support.google.com\/chrome\/answer\/95647?co=GENIE.Platform%3DDesktop&amp;hl=en\" target=\"_new\" rel=\"noopener\">Asistencia t\u00e9cnica de Google<\/a><\/li>\n<\/ul>\n<p>\nSi retira su consentimiento para las cookies, no podremos eliminar las cookies de terceros.<br \/>\nPara eliminarlas, debe borrarlas en la configuraci\u00f3n de cookies de su navegador.\n<\/p>\n<hr>\n<h2><strong>6. Cambios en esta pol\u00edtica de cookies<\/strong><\/h2>\n<p>\nCualquier cambio en esta Pol\u00edtica de cookies se publicar\u00e1 en esta p\u00e1gina.\n<\/p>\n<hr>\n<h2><strong>7. Contacto<\/strong><\/h2>\n<p>\nSi tiene alguna pregunta o comentario sobre nuestra pol\u00edtica de cookies o sobre c\u00f3mo las utilizamos, p\u00f3ngase en contacto con nuestro responsable de protecci\u00f3n de datos:\n<\/p>\n<p>\n<strong>Correo electr\u00f3nico:<\/strong> <a href=\"mailto:dpo@medicalservicefinder.com\">dpo@medicalservicefinder.com<\/a><\/p>\n","protected":false},"excerpt":{"rendered":"<p>Pol\u00edtica de cookies \u00daltima actualizaci\u00f3n: 6 de marzo de 2026 1. Introducci\u00f3n Budvoyage Media Kft., como propietario de este sitio web, se toma muy en serio los derechos de privacidad de los usuarios de nuestro sitio web (https:\/\/www.medicalservicefinder.com\/) (el \u00abSitio web\u00bb) y se compromete a proteger y respetar su privacidad. Al utilizar el Sitio web,<a class=\"moretag\" href=\"https:\/\/medicalservicefinder.com\/es\/cookie-policy\/\"> Read more&#8230;<\/a><\/p>\n","protected":false},"author":1,"featured_media":0,"parent":0,"menu_order":9,"comment_status":"closed","ping_status":"closed","template":"elementor_header_footer","meta":{"_acf_changed":false,"inline_featured_image":false,"footnotes":""},"folder":[],"class_list":["post-2938","page","type-page","status-publish","hentry"],"acf":[],"_links":{"self":[{"href":"https:\/\/medicalservicefinder.com\/es\/wp-json\/wp\/v2\/pages\/2938","targetHints":{"allow":["GET"]}}],"collection":[{"href":"https:\/\/medicalservicefinder.com\/es\/wp-json\/wp\/v2\/pages"}],"about":[{"href":"https:\/\/medicalservicefinder.com\/es\/wp-json\/wp\/v2\/types\/page"}],"author":[{"embeddable":true,"href":"https:\/\/medicalservicefinder.com\/es\/wp-json\/wp\/v2\/users\/1"}],"replies":[{"embeddable":true,"href":"https:\/\/medicalservicefinder.com\/es\/wp-json\/wp\/v2\/comments?post=2938"}],"version-history":[{"count":1,"href":"https:\/\/medicalservicefinder.com\/es\/wp-json\/wp\/v2\/pages\/2938\/revisions"}],"predecessor-version":[{"id":21984,"href":"https:\/\/medicalservicefinder.com\/es\/wp-json\/wp\/v2\/pages\/2938\/revisions\/21984"}],"wp:attachment":[{"href":"https:\/\/medicalservicefinder.com\/es\/wp-json\/wp\/v2\/media?parent=2938"}],"wp:term":[{"taxonomy":"folder","embeddable":true,"href":"https:\/\/medicalservicefinder.com\/es\/wp-json\/wp\/v2\/folder?post=2938"}],"curies":[{"name":"wp","href":"https:\/\/api.w.org\/{rel}","templated":true}]}}