{"id":2899,"date":"2021-08-05T08:35:11","date_gmt":"2021-08-05T07:35:11","guid":{"rendered":"https:\/\/dev.medicalservicefinder.com\/general-terms-and-conditions\/"},"modified":"2026-03-06T09:56:33","modified_gmt":"2026-03-06T09:56:33","slug":"general-terms-and-conditions","status":"publish","type":"page","link":"https:\/\/medicalservicefinder.com\/es\/general-terms-and-conditions\/","title":{"rendered":"T\u00e9rminos y condiciones generales"},"content":{"rendered":"<h1>T\u00e9rminos y condiciones generales para los usuarios del sitio web<\/h1>\n<p><strong>Fecha de entrada en vigor: 6 de marzo de 2026<\/strong><\/p>\n<hr>\n<h2><strong>1. Aceptaci\u00f3n de los t\u00e9rminos<\/strong><\/h2>\n<p>Al acceder o utilizar <a href=\"https:\/\/medicalservicefinder.com\/es\/\">medicalservicefinder.com<\/a> (el \u00abSitio\u00bb), usted, como visitante o usuario, acepta quedar vinculado por estos T\u00e9rminos y condiciones generales (\u00abT\u00e9rminos de uso\u00bb). Si no est\u00e1 de acuerdo con estos T\u00e9rminos de uso o con nuestra Pol\u00edtica de privacidad, no utilice el Sitio.<\/p>\n<hr>\n<h2><strong>2. Propietario del sitio web<\/strong><\/h2>\n<p>\nEl Sitio es operado por:<br \/>\n<br \/><strong>Budvoyage Media Kft.<\/strong><br \/>\n<br \/>1054 Budapest, Perczel M\u00f3r u. 4., Hungr\u00eda\n<\/p>\n<hr>\n<h2><strong>3. Propiedad intelectual<\/strong><\/h2>\n<p>Todo el contenido que se muestra o se sube al Sitio es propiedad intelectual de Budvoyage Media Kft. y est\u00e1 protegido por las leyes de derechos de autor. El Sitio y su contenido no pueden copiarse, distribuirse, modificarse, publicarse ni utilizarse de ning\u00fan otro modo sin nuestro consentimiento previo por escrito.<\/p>\n<hr>\n<h2><strong>4. Uso del contenido<\/strong><\/h2>\n<p>Usted puede ver e imprimir la informaci\u00f3n del sitio web \u00fanicamente para su uso personal y no comercial. Queda estrictamente prohibido el uso del sitio web para cualquier fin ilegal o que infrinja estas condiciones.<\/p>\n<hr>\n<h2><strong>5. Descargo de responsabilidad: contenido m\u00e9dico generado por IA<\/strong><\/h2>\n<p>\nParte de la informaci\u00f3n m\u00e9dica, los art\u00edculos u otros materiales publicados en el Sitio web son generados o asistidos por herramientas de inteligencia artificial y no por profesionales m\u00e9dicos titulados.<br \/>\n<br \/><strong>El contenido se proporciona \u00fanicamente con fines informativos generales y no debe considerarse como asesoramiento m\u00e9dico, diagn\u00f3stico o tratamiento. Consulte siempre a un profesional sanitario cualificado si tiene dudas o preguntas m\u00e9dicas.<\/strong>\n<\/p>\n<p>Nos esforzamos por garantizar la exactitud de la informaci\u00f3n, pero no podemos garantizar que todo el contenido est\u00e9 libre de errores, actualizado o sea adecuado para su situaci\u00f3n.<\/p>\n<hr>\n<h2><strong>6. Limitaci\u00f3n de responsabilidad<\/strong><\/h2>\n<p>En la medida en que lo permita la ley, Budvoyage Media Kft. no se hace responsable de ning\u00fan da\u00f1o directo, indirecto, incidental o consecuente que se derive del uso del Sitio o de la confianza en su contenido. El uso del Sitio y su contenido es bajo su propia responsabilidad.<\/p>\n<hr>\n<h2><strong>7. Protecci\u00f3n de datos y privacidad<\/strong><\/h2>\n<p>Procesamos sus datos personales de acuerdo con nuestra <a href=\"https:\/\/medicalservicefinder.com\/es\/privacy-policy\/\">Pol\u00edtica de privacidad<\/a>. Al utilizar el Sitio, usted da su consentimiento para dicho procesamiento y garantiza que todos los datos proporcionados por usted son exactos.<\/p>\n<hr>\n<h2><strong>8. Cambios en los t\u00e9rminos<\/strong><\/h2>\n<p>Podemos actualizar o revisar estas Condiciones de uso en cualquier momento. Los cambios se publicar\u00e1n en esta p\u00e1gina con una \u00abFecha de entrada en vigor\u00bb actualizada. El uso continuado del Sitio despu\u00e9s de la publicaci\u00f3n de los cambios constituye la aceptaci\u00f3n de dichos cambios.<\/p>\n<hr>\n<h2><strong>9. Legislaci\u00f3n aplicable<\/strong><\/h2>\n<p>Estos T\u00e9rminos se rigen e interpretan de conformidad con las leyes de Hungr\u00eda. Cualquier disputa estar\u00e1 sujeta a la jurisdicci\u00f3n exclusiva de los tribunales de Hungr\u00eda.<\/p>\n<hr>\n<h2><strong>10. Cont\u00e1ctenos<\/strong><\/h2>\n<p>Si tiene alguna pregunta sobre estas Condiciones de uso o cualquier otra cuesti\u00f3n, p\u00f3ngase en contacto con nosotros en:<\/p>\n<p><strong>Correo electr\u00f3nico:<\/strong> <a rel=\"noopener\">hello@medicalservicefinder.com<\/a><\/p>\n","protected":false},"excerpt":{"rendered":"<p>T\u00e9rminos y condiciones generales para los usuarios del sitio web Fecha de entrada en vigor: 6 de marzo de 2026 1. Aceptaci\u00f3n de los t\u00e9rminos Al acceder o utilizar medicalservicefinder.com (el \u00abSitio\u00bb), usted, como visitante o usuario, acepta quedar vinculado por estos T\u00e9rminos y condiciones generales (\u00abT\u00e9rminos de uso\u00bb). Si no est\u00e1 de acuerdo con<a class=\"moretag\" href=\"https:\/\/medicalservicefinder.com\/es\/general-terms-and-conditions\/\"> Read more&#8230;<\/a><\/p>\n","protected":false},"author":1,"featured_media":0,"parent":0,"menu_order":6,"comment_status":"closed","ping_status":"closed","template":"elementor_header_footer","meta":{"_acf_changed":false,"inline_featured_image":false,"footnotes":""},"folder":[],"class_list":["post-2899","page","type-page","status-publish","hentry"],"acf":[],"_links":{"self":[{"href":"https:\/\/medicalservicefinder.com\/es\/wp-json\/wp\/v2\/pages\/2899","targetHints":{"allow":["GET"]}}],"collection":[{"href":"https:\/\/medicalservicefinder.com\/es\/wp-json\/wp\/v2\/pages"}],"about":[{"href":"https:\/\/medicalservicefinder.com\/es\/wp-json\/wp\/v2\/types\/page"}],"author":[{"embeddable":true,"href":"https:\/\/medicalservicefinder.com\/es\/wp-json\/wp\/v2\/users\/1"}],"replies":[{"embeddable":true,"href":"https:\/\/medicalservicefinder.com\/es\/wp-json\/wp\/v2\/comments?post=2899"}],"version-history":[{"count":2,"href":"https:\/\/medicalservicefinder.com\/es\/wp-json\/wp\/v2\/pages\/2899\/revisions"}],"predecessor-version":[{"id":21969,"href":"https:\/\/medicalservicefinder.com\/es\/wp-json\/wp\/v2\/pages\/2899\/revisions\/21969"}],"wp:attachment":[{"href":"https:\/\/medicalservicefinder.com\/es\/wp-json\/wp\/v2\/media?parent=2899"}],"wp:term":[{"taxonomy":"folder","embeddable":true,"href":"https:\/\/medicalservicefinder.com\/es\/wp-json\/wp\/v2\/folder?post=2899"}],"curies":[{"name":"wp","href":"https:\/\/api.w.org\/{rel}","templated":true}]}}