{"id":2886,"date":"2022-02-13T08:06:44","date_gmt":"2022-02-13T08:06:44","guid":{"rendered":"https:\/\/dev.medicalservicefinder.com\/business-partners-terms-and-conditions\/"},"modified":"2026-03-06T09:32:46","modified_gmt":"2026-03-06T09:32:46","slug":"business-partners-terms-and-conditions","status":"publish","type":"page","link":"https:\/\/medicalservicefinder.com\/es\/business-partners-terms-and-conditions\/","title":{"rendered":"T\u00e9rminos y condiciones de los socios comerciales"},"content":{"rendered":"<h1>T\u00e9rminos y condiciones de los socios comerciales<\/h1>\n<h4>Fecha de entrada en vigor: 11 de junio de 2025<\/h4>\n<h2><strong>\u00a1Bienvenido!<\/strong><\/h2>\n<p>Estos T\u00e9rminos de uso constituyen un acuerdo legal entre usted, ya sea que act\u00fae por su cuenta o en nombre de una empresa u organizaci\u00f3n, y Budvoyage Media Kft., que opera como <a href=\"https:\/\/medicalservicefinder.com\/es\/\" target=\"_new\" rel=\"noopener\">medicalservicefinder.com<\/a> (\u00abnosotros\u00bb, \u00abnos\u00bb o \u00abnuestro\u00bb). Se aplican a su acceso y uso del sitio web medicalservicefinder.com y cualquier servicio relacionado, aplicaci\u00f3n m\u00f3vil o canal de comunicaci\u00f3n (denominados colectivamente \u00abel Sitio\u00bb).<\/p>\n<p>Al utilizar el Sitio, usted confirma que ha le\u00eddo, comprendido y aceptado estas Condiciones de uso, incluida nuestra Pol\u00edtica de privacidad. Si no est\u00e1 de acuerdo, le rogamos que no utilice el Sitio.<\/p>\n<p>De vez en cuando, podemos publicar t\u00e9rminos o documentos adicionales en el Sitio. Estos se consideran parte de este acuerdo y se aplican al igual que estos T\u00e9rminos.<\/p>\n<p>Podemos actualizar o revisar estas Condiciones ocasionalmente para reflejar mejoras o cambios legales. Cuando lo hagamos, actualizaremos la fecha de \u00ab\u00faltima modificaci\u00f3n\u00bb en la parte superior de la p\u00e1gina. Si es usted un usuario registrado o un cliente, le notificaremos por escrito cualquier cambio significativo. Al continuar utilizando el Sitio despu\u00e9s de la publicaci\u00f3n de los cambios, usted acepta las Condiciones actualizadas.<\/p>\n<p>Tenga en cuenta que la informaci\u00f3n de este Sitio puede no ser adecuada o estar legalmente permitida en todas las ubicaciones. Si accede al Sitio desde fuera de las regiones previstas, lo hace por su propia iniciativa y es responsable de cumplir con las leyes locales.<\/p>\n<p>Este Sitio est\u00e1 dise\u00f1ado para usuarios mayores de 18 a\u00f1os. Si es menor de 18 a\u00f1os, no se le permite registrarse ni utilizar el Sitio.<\/p>\n<hr \/>\n<h2><strong>Derechos de propiedad intelectual<\/strong><\/h2>\n<p>A menos que se indique lo contrario, todo lo que ve en el Sitio, incluido el c\u00f3digo fuente, las bases de datos, el software, el dise\u00f1o, el texto, las im\u00e1genes, el audio, el v\u00eddeo y los gr\u00e1ficos (denominados colectivamente \u00abContenido\u00bb), junto con todas las marcas comerciales, marcas de servicio y logotipos (Marcas comerciales), son de nuestra propiedad o nos han sido cedidos bajo licencia. Est\u00e1n protegidos por las leyes de derechos de autor, marcas comerciales y otras leyes de propiedad intelectual.<\/p>\n<p>Proporcionamos este Contenido \u00abtal cual\u00bb para su uso personal e informativo \u00fanicamente. A menos que le hayamos dado permiso por escrito, no puede copiar, reproducir, modificar, distribuir, publicar, mostrar, vender, licenciar o utilizar de cualquier otra forma ninguna parte del Sitio, su Contenido o sus Marcas comerciales con fines comerciales.<\/p>\n<hr \/>\n<h2><strong>Declaraciones del usuario<\/strong><\/h2>\n<p>Al publicar contenido (como texto e im\u00e1genes) en nuestro sitio web, usted nos da permiso para compartir ese contenido en nuestras redes sociales con el fin de ayudar a promocionar tanto su negocio como nuestra plataforma. Si cancela su suscripci\u00f3n, archivaremos su contenido y, si decide volver, es posible que le ofrezcamos la opci\u00f3n de restaurarlo y volver a publicarlo.<\/p>\n<p>Al utilizar nuestro sitio web, usted acepta que:<\/p>\n<ul class=\"square\">\n<li>\n<p>Toda la informaci\u00f3n que env\u00ede es verdadera, precisa, actualizada y completa.<\/p>\n<\/li>\n<li>\n<p>Mantendr\u00e1 su informaci\u00f3n actualizada y la actualizar\u00e1 seg\u00fan sea necesario.<\/p>\n<\/li>\n<li>\n<p>Tiene el derecho legal de utilizar el Sitio y acepta cumplir estas Condiciones de uso.<\/p>\n<\/li>\n<li>\n<p>No utilizar\u00e1 el Sitio para fines ilegales o no autorizados.<\/p>\n<\/li>\n<li>\n<p>Su actividad en el Sitio cumplir\u00e1 con todas las leyes y normativas aplicables.<\/p>\n<\/li>\n<\/ul>\n<p>Si descubrimos que cualquier informaci\u00f3n que nos proporcione es falsa, est\u00e1 desactualizada o es incompleta, o si hace un uso indebido de la plataforma, podremos suspender o cancelar su cuenta y bloquear su acceso en el futuro.<\/p>\n<hr \/>\n<h2><strong>Seguridad de la cuenta<\/strong><\/h2>\n<p>Usted es responsable de mantener la confidencialidad de las credenciales de su cuenta y de todas las actividades que se realicen con ella. Notif\u00edquenos inmediatamente cualquier uso no autorizado o violaci\u00f3n de la seguridad.<\/p>\n<hr \/>\n<h2><strong>Tarifas y pagos<\/strong><\/h2>\n<p>Para publicar el contenido de sus servicios m\u00e9dicos en nuestro sitio web, deber\u00e1 elegir y adquirir un plan de suscripci\u00f3n. Puede utilizar nuestra plataforma como particular (por ejemplo, para su consulta privada) o en nombre de una empresa.<\/p>\n<p>Todos los pagos se procesan a trav\u00e9s de un sistema de facturaci\u00f3n en l\u00ednea seguro. Utilizamos Stripe como nuestra pasarela de pago principal para realizar pagos con tarjeta de forma c\u00f3moda y segura. Si lo prefiere, tambi\u00e9n tiene la opci\u00f3n de pagar mediante transferencia bancaria.<\/p>\n<p>Todos los precios que se muestran en el sitio web <strong>no <\/strong>incluyen<strong> el IVA ni ning\u00fan otro impuesto aplicable<\/strong>, a menos que se indique expl\u00edcitamente lo contrario.<br \/>\n<br \/>El IVA se a\u00f1adir\u00e1 a las facturas cuando lo exija la ley.<br \/>\nA los clientes<br \/>empresariales de la UE que proporcionen un n\u00famero de identificaci\u00f3n fiscal v\u00e1lido se les facturar\u00e1 <strong>sin IVA en virtud del mecanismo de inversi\u00f3n del sujeto pasivo<\/strong>.<\/p>\n<p>Si su suscripci\u00f3n incluye facturaci\u00f3n recurrente, usted nos autoriza a cobrar autom\u00e1ticamente a su m\u00e9todo de pago por cada per\u00edodo de renovaci\u00f3n, a menos que cancele su suscripci\u00f3n con antelaci\u00f3n. No ser\u00e1 necesario que apruebe cada cargo individualmente.<\/p>\n<p>Nos reservamos el derecho a:<\/p>\n<ul class=\"square\">\n<li>\n<p>Corregir cualquier error en los precios, incluso despu\u00e9s de que se haya realizado el pago.<\/p>\n<\/li>\n<li>\n<p>Rechazar o cancelar cualquier pedido realizado a trav\u00e9s del Sitio si es necesario.<\/p>\n<\/li>\n<\/ul>\n<p>Si tiene alguna pregunta sobre los pagos o la facturaci\u00f3n, no dude en ponerse en contacto con nosotros, estaremos encantados de ayudarle.<\/p>\n<hr \/>\n<h2><strong>Renovaci\u00f3n de su plan de suscripci\u00f3n<\/strong><\/h2>\n<p>A menos que nos comunique antes de que finalice el periodo de suscripci\u00f3n aplicable que desea cancelar su suscripci\u00f3n, esta se renovar\u00e1 autom\u00e1ticamente y usted nos autoriza a cobrar la cuota de suscripci\u00f3n mensual, trimestral o anual aplicable utilizando cualquier tarjeta de cr\u00e9dito u otro m\u00e9todo de pago que tengamos registrado para usted.<\/p>\n<hr \/>\n<h2><strong>Periodo de prueba<\/strong><\/h2>\n<p>Ofrecemos una <strong>prueba gratuita de 14 d\u00edas<\/strong> para que pueda explorar nuestros servicios antes de comprometerse con una suscripci\u00f3n de pago. Durante el periodo de prueba, podr\u00e1 acceder a la mayor\u00eda de las funciones de la plataforma sin cargo alguno. Puede cancelar su suscripci\u00f3n en cualquier momento durante el periodo de prueba. <strong>Si no la cancela antes de que finalice la prueba, la suscripci\u00f3n continuar\u00e1 autom\u00e1ticamente como una suscripci\u00f3n de pago y se le cobrar\u00e1 la cuota de suscripci\u00f3n correspondiente.<\/strong><\/p>\n<p><strong>Limitaciones de uso de la prueba:<\/strong><br \/>\n<br \/>Para garantizar un uso justo y evitar abusos, pueden aplicarse ciertas restricciones durante el periodo de prueba. Por ejemplo, las cuentas de prueba pueden tener limitaciones en cuanto al n\u00famero de perfiles de cl\u00ednicas y\/o m\u00e9dicos que se pueden crear o publicar, el n\u00famero de ediciones o acciones masivas disponibles y el acceso a funciones avanzadas destinadas a clientes de pago. Tambi\u00e9n podemos aplicar medidas de seguridad t\u00e9cnicas razonables, como l\u00edmites de velocidad, restricciones y revisi\u00f3n manual de actividades sospechosas. Nos reservamos el derecho de modificar o aplicar estas limitaciones seg\u00fan sea necesario para proteger la plataforma y a otros usuarios. Si en el futuro realizamos cambios en la oferta de prueba, estos solo se aplicar\u00e1n a los nuevos usuarios.<\/p>\n<hr \/>\n<h2><strong>L\u00edmites del servicio de traducci\u00f3n<\/strong><\/h2>\n<p>La traducci\u00f3n del contenido de los perfiles de cl\u00ednicas o m\u00e9dicos a otros idiomas <strong>no<\/strong> est\u00e1 <strong>incluida<\/strong> en los planes de suscripci\u00f3n est\u00e1ndar, a menos que se indique expl\u00edcitamente en la p\u00e1gina del producto, la factura o el acuerdo escrito correspondientes.<\/p>\n<p>Podemos ofrecer la traducci\u00f3n como un <strong>complemento opcional de pago<\/strong> o en virtud de un acuerdo independiente. Cuando se prestan servicios de traducci\u00f3n, estos pueden estar sujetos a l\u00edmites de uso justo, restricciones t\u00e9cnicas y restricciones de alcance (por ejemplo: idiomas admitidos, l\u00edmites de caracteres, tipo de contenido y frecuencia de las actualizaciones). Las ampliaciones sustanciales de contenido, los cambios frecuentes que requieran una nueva traducci\u00f3n o las solicitudes de traducci\u00f3n masiva pueden requerir tarifas adicionales.<\/p>\n<p>Usted es responsable de garantizar que el contenido original que env\u00eda para su traducci\u00f3n sea preciso, legal y no infrinja los derechos de terceros. No garantizamos que el contenido traducido est\u00e9 libre de errores o sea adecuado para ning\u00fan fin normativo o de marketing espec\u00edfico.<\/p>\n<hr \/>\n<h2><strong>Prevenci\u00f3n de abusos<\/strong><\/h2>\n<p>Cualquier intento de hacer un uso indebido de nuestros servicios, incluyendo la creaci\u00f3n de m\u00faltiples cuentas de prueba, eludir los l\u00edmites de la plataforma, enviar solicitudes automatizadas o abusivas, extraer o recopilar datos del sitio, subir contenido ilegal o interferir de cualquier otra forma en el funcionamiento, la seguridad o la integridad de la plataforma, puede dar lugar a la restricci\u00f3n, suspensi\u00f3n o cancelaci\u00f3n de su cuenta.<\/p>\n<p>Nos reservamos el derecho a investigar cualquier sospecha de uso indebido, solicitar verificaciones adicionales, restringir el acceso a determinadas funciones y tomar las medidas oportunas para proteger la plataforma y a otros usuarios. Cuando el uso indebido d\u00e9 lugar a costes o da\u00f1os cuantificables (incluidas devoluciones o fraudes), podremos solicitar un reembolso y emprender las acciones legales que permita la ley.<\/p>\n<hr \/>\n<h2><strong>Cancelaci\u00f3n de su plan de suscripci\u00f3n<\/strong><\/h2>\n<p>Puede cancelar su suscripci\u00f3n en cualquier momento envi\u00e1ndonos un correo electr\u00f3nico a <a rel=\"noopener\">hello@medicalservicefinder.com<\/a>. Su cancelaci\u00f3n entrar\u00e1 en vigor al final de su periodo de facturaci\u00f3n actual; no se le volver\u00e1 a cobrar despu\u00e9s de eso. Aunque, por lo general, todos los pagos son no reembolsables, ofrecemos un periodo de gracia de 48 horas despu\u00e9s del pago durante el cual puede solicitar un reembolso. Si no est\u00e1 satisfecho o tiene alguna pregunta, no dude en ponerse en contacto con nosotros; estamos aqu\u00ed para ayudarle.<\/p>\n<hr \/>\n<h2><strong>Protecci\u00f3n de datos y privacidad<\/strong><\/h2>\n<p>Procesamos sus datos personales y comerciales de acuerdo con nuestra Pol\u00edtica de privacidad. Usted es responsable de garantizar que tiene derecho a proporcionar cualquier dato comercial o informaci\u00f3n de terceros que se cargue en el Sitio.<\/p>\n<hr \/>\n<h2><strong>Limitaci\u00f3n de responsabilidad<\/strong><\/h2>\n<p>En la medida en que lo permita la ley, Budvoyage Media Kft. no se hace responsable de ning\u00fan da\u00f1o indirecto, incidental, consecuente, especial o ejemplar que se derive o est\u00e9 relacionado con el uso que usted haga del Sitio o de los servicios, incluso si se nos ha advertido de la posibilidad de tales da\u00f1os. Todos los contenidos y servicios se proporcionan \u00abtal cual\u00bb y \u00abseg\u00fan disponibilidad\u00bb. No garantizamos el funcionamiento ininterrumpido o sin errores del Sitio.<\/p>\n<hr \/>\n<h2><strong>Indemnizaci\u00f3n<\/strong><\/h2>\n<p>Usted acepta defender, indemnizar y eximir de responsabilidad a Budvoyage Media Kft., sus directores, empleados y afiliados, frente a cualquier reclamaci\u00f3n, da\u00f1o, responsabilidad y gasto (incluidos los honorarios legales) que se deriven del uso que usted haga del Sitio, de su contenido o del incumplimiento de estas Condiciones.<\/p>\n<hr \/>\n<h2><strong>Fuerza mayor<\/strong><\/h2>\n<p>No nos hacemos responsables de ning\u00fan incumplimiento debido a circunstancias imprevistas o causas que escapan a nuestro control razonable, incluyendo, entre otras, desastres naturales, guerras, terrorismo, acciones gubernamentales o cortes de Internet.<\/p>\n<hr \/>\n<h2><strong>Cambios en los servicios<\/strong><\/h2>\n<p>Nos reservamos el derecho de a\u00f1adir, eliminar o modificar funciones o servicios del Sitio en cualquier momento, con o sin previo aviso. Dichos cambios pueden afectar a su uso del Sitio, pero no alteran su responsabilidad de cumplir con estos T\u00e9rminos.<\/p>\n<hr \/>\n<h2><strong>Rescisi\u00f3n por conveniencia<\/strong><\/h2>\n<p>Nos reservamos el derecho de rescindir o suspender su acceso al Sitio o a los servicios en cualquier momento, por cualquier motivo, con o sin previo aviso.<\/p>\n<hr \/>\n<h2><strong>Legislaci\u00f3n aplicable<\/strong><\/h2>\n<p>Estos T\u00e9rminos se rigen e interpretan de acuerdo con las leyes de Hungr\u00eda. Cualquier disputa que surja de estos T\u00e9rminos o de su uso del Sitio se resolver\u00e1 exclusivamente en los tribunales de Hungr\u00eda.<\/p>\n<hr \/>\n<h2><strong>Cont\u00e1ctenos<\/strong><\/h2>\n<p>\u00bfNo sabe exactamente lo que busca o simplemente desea alguna aclaraci\u00f3n? Estaremos encantados de hablar con usted y aclararle cualquier duda.<\/p>\n<p>Correo electr\u00f3nico: <a rel=\"noopener\">hello@medicalservicefinder.com<\/a><\/p>\n","protected":false},"excerpt":{"rendered":"<p>T\u00e9rminos y condiciones de los socios comerciales Fecha de entrada en vigor: 11 de junio de 2025 \u00a1Bienvenido! Estos T\u00e9rminos de uso constituyen un acuerdo legal entre usted, ya sea que act\u00fae por su cuenta o en nombre de una empresa u organizaci\u00f3n, y Budvoyage Media Kft., que opera como medicalservicefinder.com (\u00abnosotros\u00bb, \u00abnos\u00bb o \u00abnuestro\u00bb).<a class=\"moretag\" href=\"https:\/\/medicalservicefinder.com\/es\/business-partners-terms-and-conditions\/\"> Read more&#8230;<\/a><\/p>\n","protected":false},"author":1,"featured_media":0,"parent":0,"menu_order":2,"comment_status":"closed","ping_status":"closed","template":"elementor_header_footer","meta":{"_acf_changed":false,"inline_featured_image":false,"footnotes":""},"folder":[],"class_list":["post-2886","page","type-page","status-publish","hentry"],"acf":[],"_links":{"self":[{"href":"https:\/\/medicalservicefinder.com\/es\/wp-json\/wp\/v2\/pages\/2886","targetHints":{"allow":["GET"]}}],"collection":[{"href":"https:\/\/medicalservicefinder.com\/es\/wp-json\/wp\/v2\/pages"}],"about":[{"href":"https:\/\/medicalservicefinder.com\/es\/wp-json\/wp\/v2\/types\/page"}],"author":[{"embeddable":true,"href":"https:\/\/medicalservicefinder.com\/es\/wp-json\/wp\/v2\/users\/1"}],"replies":[{"embeddable":true,"href":"https:\/\/medicalservicefinder.com\/es\/wp-json\/wp\/v2\/comments?post=2886"}],"version-history":[{"count":2,"href":"https:\/\/medicalservicefinder.com\/es\/wp-json\/wp\/v2\/pages\/2886\/revisions"}],"predecessor-version":[{"id":21957,"href":"https:\/\/medicalservicefinder.com\/es\/wp-json\/wp\/v2\/pages\/2886\/revisions\/21957"}],"wp:attachment":[{"href":"https:\/\/medicalservicefinder.com\/es\/wp-json\/wp\/v2\/media?parent=2886"}],"wp:term":[{"taxonomy":"folder","embeddable":true,"href":"https:\/\/medicalservicefinder.com\/es\/wp-json\/wp\/v2\/folder?post=2886"}],"curies":[{"name":"wp","href":"https:\/\/api.w.org\/{rel}","templated":true}]}}