{"id":23509,"date":"2026-04-01T09:56:07","date_gmt":"2026-04-01T07:56:07","guid":{"rendered":"https:\/\/medicalservicefinder.com\/health-library\/"},"modified":"2026-04-26T16:48:29","modified_gmt":"2026-04-26T14:48:29","slug":"health-library","status":"publish","type":"page","link":"https:\/\/medicalservicefinder.com\/es\/health-library\/","title":{"rendered":"Biblioteca de salud"},"content":{"rendered":"\t\t<div data-elementor-type=\"wp-page\" data-elementor-id=\"23509\" class=\"elementor elementor-23509 elementor-23463\" data-elementor-post-type=\"page\">\n\t\t\t\t<div class=\"elementor-element elementor-element-5080f356 e-flex e-con-boxed e-con e-parent\" data-id=\"5080f356\" data-element_type=\"container\" data-settings=\"{&quot;ekit_has_onepagescroll_dot&quot;:&quot;yes&quot;}\">\n\t\t\t\t\t<div class=\"e-con-inner\">\n\t\t\t\t<div class=\"elementor-element elementor-element-2e9d3a76 elementor-widget elementor-widget-heading\" data-id=\"2e9d3a76\" data-element_type=\"widget\" data-settings=\"{&quot;ekit_we_effect_on&quot;:&quot;none&quot;}\" data-widget_type=\"heading.default\">\n\t\t\t\t<div class=\"elementor-widget-container\">\n\t\t\t\t\t<h1 class=\"elementor-heading-title elementor-size-default\">Informaci\u00f3n de salud fiable para las preguntas del d\u00eda a d\u00eda y decisiones mejor informadas<\/h1>\t\t\t\t<\/div>\n\t\t\t\t<\/div>\n\t\t\t\t<div class=\"elementor-element elementor-element-3da69e5a elementor-widget elementor-widget-text-editor\" data-id=\"3da69e5a\" data-element_type=\"widget\" data-settings=\"{&quot;ekit_we_effect_on&quot;:&quot;none&quot;}\" data-widget_type=\"text-editor.default\">\n\t\t\t\t<div class=\"elementor-widget-container\">\n\t\t\t\t\t\t\t\t\t<p style=\"text-align: center;\">Explora art\u00edculos claros y pr\u00e1cticos sobre enfermedades, ex\u00e1menes, tratamientos, salud mental y nutrici\u00f3n, escritos para ayudar a los pacientes y a las familias a comprender mejor los s\u00edntomas, las opciones de atenci\u00f3n y las decisiones m\u00e1s saludables.<\/p>\t\t\t\t\t\t\t\t<\/div>\n\t\t\t\t<\/div>\n\t\t\t\t<div class=\"elementor-element elementor-element-1919c2c elementor-widget-divider--view-line elementor-widget elementor-widget-divider\" data-id=\"1919c2c\" data-element_type=\"widget\" data-settings=\"{&quot;ekit_we_effect_on&quot;:&quot;none&quot;}\" data-widget_type=\"divider.default\">\n\t\t\t\t<div class=\"elementor-widget-container\">\n\t\t\t\t\t\t\t<div class=\"elementor-divider\">\n\t\t\t<span class=\"elementor-divider-separator\">\n\t\t\t\t\t\t<\/span>\n\t\t<\/div>\n\t\t\t\t\t\t<\/div>\n\t\t\t\t<\/div>\n\t\t\t\t<div class=\"elementor-element elementor-element-87f2759 elementor-widget elementor-widget-text-editor\" data-id=\"87f2759\" data-element_type=\"widget\" data-settings=\"{&quot;ekit_we_effect_on&quot;:&quot;none&quot;}\" data-widget_type=\"text-editor.default\">\n\t\t\t\t<div class=\"elementor-widget-container\">\n\t\t\t\t\t\t\t\t\t<div class=\"msf-health-links\" style=\"text-align: center;\">\n<a href=\"\/es\/diseases-es\/\">Enfermedades<\/a>\n<a href=\"\/es\/examinations-and-treatments-es\/\">Ex\u00e1menes y tratamientos<\/a>\n<a href=\"\/es\/nutrition-es\/\">Nutrici\u00f3n<\/a><\/div>\t\t\t\t\t\t\t\t<\/div>\n\t\t\t\t<\/div>\n\t\t\t\t<div class=\"elementor-element elementor-element-6444c4a3 elementor-widget-divider--view-line_icon elementor-view-default elementor-widget-divider--element-align-center elementor-widget elementor-widget-divider\" data-id=\"6444c4a3\" data-element_type=\"widget\" data-settings=\"{&quot;ekit_we_effect_on&quot;:&quot;none&quot;}\" data-widget_type=\"divider.default\">\n\t\t\t\t<div class=\"elementor-widget-container\">\n\t\t\t\t\t\t\t<div class=\"elementor-divider\">\n\t\t\t<span class=\"elementor-divider-separator\">\n\t\t\t\t\t\t\t<div class=\"elementor-icon elementor-divider__element\">\n\t\t\t\t\t<svg aria-hidden=\"true\" class=\"e-font-icon-svg e-fas-stethoscope\" viewBox=\"0 0 512 512\" xmlns=\"http:\/\/www.w3.org\/2000\/svg\"><path d=\"M447.1 112c-34.2.5-62.3 28.4-63 62.6-.5 24.3 12.5 45.6 32 56.8V344c0 57.3-50.2 104-112 104-60 0-109.2-44.1-111.9-99.2C265 333.8 320 269.2 320 192V36.6c0-11.4-8.1-21.3-19.3-23.5L237.8.5c-13-2.6-25.6 5.8-28.2 18.8L206.4 35c-2.6 13 5.8 25.6 18.8 28.2l30.7 6.1v121.4c0 52.9-42.2 96.7-95.1 97.2-53.4.5-96.9-42.7-96.9-96V69.4l30.7-6.1c13-2.6 21.4-15.2 18.8-28.2l-3.1-15.7C107.7 6.4 95.1-2 82.1.6L19.3 13C8.1 15.3 0 25.1 0 36.6V192c0 77.3 55.1 142 128.1 156.8C130.7 439.2 208.6 512 304 512c97 0 176-75.4 176-168V231.4c19.1-11.1 32-31.7 32-55.4 0-35.7-29.2-64.5-64.9-64zm.9 80c-8.8 0-16-7.2-16-16s7.2-16 16-16 16 7.2 16 16-7.2 16-16 16z\"><\/path><\/svg><\/div>\n\t\t\t\t\t\t<\/span>\n\t\t<\/div>\n\t\t\t\t\t\t<\/div>\n\t\t\t\t<\/div>\n\t\t\t\t\t<\/div>\n\t\t\t\t<\/div>\n\t\t\t\t<\/div>\n\t\t","protected":false},"excerpt":{"rendered":"<p>Informaci\u00f3n de salud fiable para las preguntas del d\u00eda a d\u00eda y decisiones mejor informadas Explora art\u00edculos claros y pr\u00e1cticos sobre enfermedades, ex\u00e1menes, tratamientos, salud mental y nutrici\u00f3n, escritos para ayudar a los pacientes y a las familias a comprender mejor los s\u00edntomas, las opciones de atenci\u00f3n y las decisiones m\u00e1s saludables. Enfermedades Ex\u00e1menes y<a class=\"moretag\" href=\"https:\/\/medicalservicefinder.com\/es\/health-library\/\"> Read more&#8230;<\/a><\/p>\n","protected":false},"author":1,"featured_media":0,"parent":0,"menu_order":0,"comment_status":"closed","ping_status":"closed","template":"","meta":{"_acf_changed":false,"inline_featured_image":false,"footnotes":""},"class_list":["post-23509","page","type-page","status-publish","hentry"],"acf":[],"_links":{"self":[{"href":"https:\/\/medicalservicefinder.com\/es\/wp-json\/wp\/v2\/pages\/23509","targetHints":{"allow":["GET"]}}],"collection":[{"href":"https:\/\/medicalservicefinder.com\/es\/wp-json\/wp\/v2\/pages"}],"about":[{"href":"https:\/\/medicalservicefinder.com\/es\/wp-json\/wp\/v2\/types\/page"}],"author":[{"embeddable":true,"href":"https:\/\/medicalservicefinder.com\/es\/wp-json\/wp\/v2\/users\/1"}],"replies":[{"embeddable":true,"href":"https:\/\/medicalservicefinder.com\/es\/wp-json\/wp\/v2\/comments?post=23509"}],"version-history":[{"count":5,"href":"https:\/\/medicalservicefinder.com\/es\/wp-json\/wp\/v2\/pages\/23509\/revisions"}],"predecessor-version":[{"id":24068,"href":"https:\/\/medicalservicefinder.com\/es\/wp-json\/wp\/v2\/pages\/23509\/revisions\/24068"}],"wp:attachment":[{"href":"https:\/\/medicalservicefinder.com\/es\/wp-json\/wp\/v2\/media?parent=23509"}],"curies":[{"name":"wp","href":"https:\/\/api.w.org\/{rel}","templated":true}]}}