{"id":20477,"date":"2026-02-03T13:10:38","date_gmt":"2026-02-03T12:10:38","guid":{"rendered":"https:\/\/medicalservicefinder.com\/?page_id=20477"},"modified":"2026-04-06T12:02:12","modified_gmt":"2026-04-06T10:02:12","slug":"medical-content-assistant","status":"publish","type":"page","link":"https:\/\/medicalservicefinder.com\/es\/medical-content-assistant\/","title":{"rendered":"Asistente de contenidos m\u00e9dicos"},"content":{"rendered":"\t\t<div data-elementor-type=\"wp-page\" data-elementor-id=\"20477\" class=\"elementor elementor-20477 elementor-19649\" data-elementor-post-type=\"page\">\n\t\t\t\t<div class=\"elementor-element elementor-element-0200cb7 e-flex e-con-boxed e-con e-parent\" data-id=\"0200cb7\" data-element_type=\"container\" data-settings=\"{&quot;ekit_has_onepagescroll_dot&quot;:&quot;yes&quot;}\">\n\t\t\t\t\t<div class=\"e-con-inner\">\n\t\t<div class=\"elementor-element elementor-element-5289f9a8 e-con-full e-flex e-con e-child\" data-id=\"5289f9a8\" data-element_type=\"container\" data-settings=\"{&quot;ekit_has_onepagescroll_dot&quot;:&quot;yes&quot;}\">\n\t\t\t\t<div class=\"elementor-element elementor-element-518cd47e elementor-widget elementor-widget-elementskit-heading\" data-id=\"518cd47e\" data-element_type=\"widget\" data-settings=\"{&quot;ekit_we_effect_on&quot;:&quot;none&quot;}\" data-widget_type=\"elementskit-heading.default\">\n\t\t\t\t<div class=\"elementor-widget-container\">\n\t\t\t\t\t<div class=\"ekit-wid-con\" ><div class=\"ekit-heading elementskit-section-title-wraper text_left   ekit_heading_tablet-   ekit_heading_mobile-\"><h2 class=\"elementskit-section-subtitle  \">\n\t\t\t\t\t\tDise\u00f1ado para consultas m\u00e9dicas con mucho trabajo\n\t\t\t\t\t<\/h2><h2 class=\"ekit-heading--title elementskit-section-title \">Contenido m\u00e9dico <span><span>Assistant<\/span><\/span><\/h2>\t\t\t\t<div class='ekit-heading__description'>\n\t\t\t\t\t<p>Genere un art\u00edculo m\u00e9dico profesional en ingl\u00e9s + un idioma de la UE, incluidos dos elementos visuales listos para usar. Entrega en 24-48 horas.   <strong>Recibir\u00e1 el art\u00edculo principal en ingl\u00e9s + la traducci\u00f3n a la lengua de la UE que haya seleccionado.<\/strong><\/p>\n\t\t\t\t<\/div>\n\t\t\t<\/div><\/div>\t\t\t\t<\/div>\n\t\t\t\t<\/div>\n\t\t\t\t<\/div>\n\t\t<div class=\"elementor-element elementor-element-48b0bb3 e-flex e-con-boxed e-con e-child\" data-id=\"48b0bb3\" data-element_type=\"container\" data-settings=\"{&quot;ekit_has_onepagescroll_dot&quot;:&quot;yes&quot;}\">\n\t\t\t\t\t<div class=\"e-con-inner\">\n\t\t\t\t<div class=\"elementor-element elementor-element-1d5feb9 elementor-flip-box--effect-flip elementor-flip-box--direction-up elementor-widget elementor-widget-flip-box\" data-id=\"1d5feb9\" data-element_type=\"widget\" data-settings=\"{&quot;ekit_we_effect_on&quot;:&quot;none&quot;}\" data-widget_type=\"flip-box.default\">\n\t\t\t\t<div class=\"elementor-widget-container\">\n\t\t\t\t\t\t\t<div class=\"elementor-flip-box\" tabindex=\"0\">\n\t\t\t<div class=\"elementor-flip-box__layer elementor-flip-box__front\">\n\t\t\t\t<div class=\"elementor-flip-box__layer__overlay\">\n\t\t\t\t\t<div class=\"elementor-flip-box__layer__inner\">\n\t\t\t\t\t\t\t\t\t\t\t\t\t<div class=\"elementor-icon-wrapper elementor-view-default\">\n\t\t\t\t\t\t\t\t<div class=\"elementor-icon\">\n\t\t\t\t\t\t\t\t\t<svg class=\"e-font-icon-svg e-fas-blog\" viewBox=\"0 0 512 512\" xmlns=\"http:\/\/www.w3.org\/2000\/svg\"><path d=\"M172.2 226.8c-14.6-2.9-28.2 8.9-28.2 23.8V301c0 10.2 7.1 18.4 16.7 22 18.2 6.8 31.3 24.4 31.3 45 0 26.5-21.5 48-48 48s-48-21.5-48-48V120c0-13.3-10.7-24-24-24H24c-13.3 0-24 10.7-24 24v248c0 89.5 82.1 160.2 175 140.7 54.4-11.4 98.3-55.4 109.7-109.7 17.4-82.9-37-157.2-112.5-172.2zM209 0c-9.2-.5-17 6.8-17 16v31.6c0 8.5 6.6 15.5 15 15.9 129.4 7 233.4 112 240.9 241.5.5 8.4 7.5 15 15.9 15h32.1c9.2 0 16.5-7.8 16-17C503.4 139.8 372.2 8.6 209 0zm.3 96c-9.3-.7-17.3 6.7-17.3 16.1v32.1c0 8.4 6.5 15.3 14.8 15.9 76.8 6.3 138 68.2 144.9 145.2.8 8.3 7.6 14.7 15.9 14.7h32.2c9.3 0 16.8-8 16.1-17.3-8.4-110.1-96.5-198.2-206.6-206.7z\"><\/path><\/svg>\t\t\t\t\t\t\t\t<\/div>\n\t\t\t\t\t\t\t<\/div>\n\t\t\t\t\t\t\n\t\t\t\t\t\t\t\t\t\t\t\t\t<h3 class=\"elementor-flip-box__layer__title\">\n\t\t\t\t\t\t\t\tNecesita contenidos de calidad\t\t\t\t\t\t\t<\/h3>\n\t\t\t\t\t\t\n\t\t\t\t\t\t\t\t\t\t\t<\/div>\n\t\t\t\t<\/div>\n\t\t\t<\/div>\n\t\t\t<div class=\"elementor-flip-box__layer elementor-flip-box__back\">\n\t\t\t<div class=\"elementor-flip-box__layer__overlay\">\n\t\t\t\t<div class=\"elementor-flip-box__layer__inner\">\n\t\t\t\t\t\n\t\t\t\t\t\t\t\t\t\t\t<div class=\"elementor-flip-box__layer__description\">\n\t\t\t\t\t\t\tPara su sitio web y sus redes sociales necesita contenidos individuales de alta calidad y precisi\u00f3n m\u00e9dica con una calidad de traducci\u00f3n similar a la de un nativo.\t\t\t\t\t\t<\/div>\n\t\t\t\t\t\n\t\t\t\t\t\t\t\t<\/div>\n\t\t<\/div>\n\t\t<\/div>\n\t\t<\/div>\n\t\t\t\t\t\t<\/div>\n\t\t\t\t<\/div>\n\t\t\t\t<div class=\"elementor-element elementor-element-f350163 elementor-flip-box--effect-flip elementor-flip-box--direction-up elementor-widget elementor-widget-flip-box\" data-id=\"f350163\" data-element_type=\"widget\" data-settings=\"{&quot;ekit_we_effect_on&quot;:&quot;none&quot;}\" data-widget_type=\"flip-box.default\">\n\t\t\t\t<div class=\"elementor-widget-container\">\n\t\t\t\t\t\t\t<div class=\"elementor-flip-box\" tabindex=\"0\">\n\t\t\t<div class=\"elementor-flip-box__layer elementor-flip-box__front\">\n\t\t\t\t<div class=\"elementor-flip-box__layer__overlay\">\n\t\t\t\t\t<div class=\"elementor-flip-box__layer__inner\">\n\t\t\t\t\t\t\t\t\t\t\t\t\t<div class=\"elementor-icon-wrapper elementor-view-default\">\n\t\t\t\t\t\t\t\t<div class=\"elementor-icon\">\n\t\t\t\t\t\t\t\t\t<i class=\"icon icon-countdown-timer\"><\/i>\t\t\t\t\t\t\t\t<\/div>\n\t\t\t\t\t\t\t<\/div>\n\t\t\t\t\t\t\n\t\t\t\t\t\t\t\t\t\t\t\t\t<h3 class=\"elementor-flip-box__layer__title\">\n\t\t\t\t\t\t\t\tSu tiempo es caro\t\t\t\t\t\t\t<\/h3>\n\t\t\t\t\t\t\n\t\t\t\t\t\t\t\t\t\t\t<\/div>\n\t\t\t\t<\/div>\n\t\t\t<\/div>\n\t\t\t<div class=\"elementor-flip-box__layer elementor-flip-box__back\">\n\t\t\t<div class=\"elementor-flip-box__layer__overlay\">\n\t\t\t\t<div class=\"elementor-flip-box__layer__inner\">\n\t\t\t\t\t\n\t\t\t\t\t\t\t\t\t\t\t<div class=\"elementor-flip-box__layer__description\">\n\t\t\t\t\t\t\tQuiere contenidos m\u00e9dicos coherentes y adaptados al paciente, pero no tiene tiempo para escribirlos despu\u00e9s de un d\u00eda entero de consultas.\t\t\t\t\t\t<\/div>\n\t\t\t\t\t\n\t\t\t\t\t\t\t\t<\/div>\n\t\t<\/div>\n\t\t<\/div>\n\t\t<\/div>\n\t\t\t\t\t\t<\/div>\n\t\t\t\t<\/div>\n\t\t\t\t<div class=\"elementor-element elementor-element-e50d152 elementor-flip-box--effect-flip elementor-flip-box--direction-up elementor-widget elementor-widget-flip-box\" data-id=\"e50d152\" data-element_type=\"widget\" data-settings=\"{&quot;ekit_we_effect_on&quot;:&quot;none&quot;}\" data-widget_type=\"flip-box.default\">\n\t\t\t\t<div class=\"elementor-widget-container\">\n\t\t\t\t\t\t\t<div class=\"elementor-flip-box\" tabindex=\"0\">\n\t\t\t<div class=\"elementor-flip-box__layer elementor-flip-box__front\">\n\t\t\t\t<div class=\"elementor-flip-box__layer__overlay\">\n\t\t\t\t\t<div class=\"elementor-flip-box__layer__inner\">\n\t\t\t\t\t\t\t\t\t\t\t\t\t<div class=\"elementor-icon-wrapper elementor-view-default\">\n\t\t\t\t\t\t\t\t<div class=\"elementor-icon\">\n\t\t\t\t\t\t\t\t\t<svg class=\"e-font-icon-svg e-fas-people-arrows\" viewBox=\"0 0 576 512\" xmlns=\"http:\/\/www.w3.org\/2000\/svg\"><path d=\"M96,128A64,64,0,1,0,32,64,64,64,0,0,0,96,128Zm0,176.08a44.11,44.11,0,0,1,13.64-32L181.77,204c1.65-1.55,3.77-2.31,5.61-3.57A63.91,63.91,0,0,0,128,160H64A64,64,0,0,0,0,224v96a32,32,0,0,0,32,32V480a32,32,0,0,0,32,32h64a32,32,0,0,0,32-32V383.61l-50.36-47.53A44.08,44.08,0,0,1,96,304.08ZM480,128a64,64,0,1,0-64-64A64,64,0,0,0,480,128Zm32,32H448a63.91,63.91,0,0,0-59.38,40.42c1.84,1.27,4,2,5.62,3.59l72.12,68.06a44.37,44.37,0,0,1,0,64L416,383.62V480a32,32,0,0,0,32,32h64a32,32,0,0,0,32-32V352a32,32,0,0,0,32-32V224A64,64,0,0,0,512,160ZM444.4,295.34l-72.12-68.06A12,12,0,0,0,352,236v36H224V236a12,12,0,0,0-20.28-8.73L131.6,295.34a12.4,12.4,0,0,0,0,17.47l72.12,68.07A12,12,0,0,0,224,372.14V336H352v36.14a12,12,0,0,0,20.28,8.74l72.12-68.07A12.4,12.4,0,0,0,444.4,295.34Z\"><\/path><\/svg>\t\t\t\t\t\t\t\t<\/div>\n\t\t\t\t\t\t\t<\/div>\n\t\t\t\t\t\t\n\t\t\t\t\t\t\t\t\t\t\t\t\t<h3 class=\"elementor-flip-box__layer__title\">\n\t\t\t\t\t\t\t\tTratas con pacientes extranjeros\t\t\t\t\t\t\t<\/h3>\n\t\t\t\t\t\t\n\t\t\t\t\t\t\t\t\t\t\t<\/div>\n\t\t\t\t<\/div>\n\t\t\t<\/div>\n\t\t\t<div class=\"elementor-flip-box__layer elementor-flip-box__back\">\n\t\t\t<div class=\"elementor-flip-box__layer__overlay\">\n\t\t\t\t<div class=\"elementor-flip-box__layer__inner\">\n\t\t\t\t\t\n\t\t\t\t\t\t\t\t\t\t\t<div class=\"elementor-flip-box__layer__description\">\n\t\t\t\t\t\t\tAtiende a pacientes internacionales y necesita versiones multiling\u00fces sin trabajo administrativo adicional, traductores caros y entregas lentas.\t\t\t\t\t\t<\/div>\n\t\t\t\t\t\n\t\t\t\t\t\t\t\t<\/div>\n\t\t<\/div>\n\t\t<\/div>\n\t\t<\/div>\n\t\t\t\t\t\t<\/div>\n\t\t\t\t<\/div>\n\t\t\t\t<div class=\"elementor-element elementor-element-bff3c4f elementor-flip-box--effect-flip elementor-flip-box--direction-up elementor-widget elementor-widget-flip-box\" data-id=\"bff3c4f\" data-element_type=\"widget\" data-settings=\"{&quot;ekit_we_effect_on&quot;:&quot;none&quot;}\" data-widget_type=\"flip-box.default\">\n\t\t\t\t<div class=\"elementor-widget-container\">\n\t\t\t\t\t\t\t<div class=\"elementor-flip-box\" tabindex=\"0\">\n\t\t\t<div class=\"elementor-flip-box__layer elementor-flip-box__front\">\n\t\t\t\t<div class=\"elementor-flip-box__layer__overlay\">\n\t\t\t\t\t<div class=\"elementor-flip-box__layer__inner\">\n\t\t\t\t\t\t\t\t\t\t\t\t\t<div class=\"elementor-icon-wrapper elementor-view-default\">\n\t\t\t\t\t\t\t\t<div class=\"elementor-icon\">\n\t\t\t\t\t\t\t\t\t<svg class=\"e-font-icon-svg e-far-comment-dots\" viewBox=\"0 0 512 512\" xmlns=\"http:\/\/www.w3.org\/2000\/svg\"><path d=\"M144 208c-17.7 0-32 14.3-32 32s14.3 32 32 32 32-14.3 32-32-14.3-32-32-32zm112 0c-17.7 0-32 14.3-32 32s14.3 32 32 32 32-14.3 32-32-14.3-32-32-32zm112 0c-17.7 0-32 14.3-32 32s14.3 32 32 32 32-14.3 32-32-14.3-32-32-32zM256 32C114.6 32 0 125.1 0 240c0 47.6 19.9 91.2 52.9 126.3C38 405.7 7 439.1 6.5 439.5c-6.6 7-8.4 17.2-4.6 26S14.4 480 24 480c61.5 0 110-25.7 139.1-46.3C192 442.8 223.2 448 256 448c141.4 0 256-93.1 256-208S397.4 32 256 32zm0 368c-26.7 0-53.1-4.1-78.4-12.1l-22.7-7.2-19.5 13.8c-14.3 10.1-33.9 21.4-57.5 29 7.3-12.1 14.4-25.7 19.9-40.2l10.6-28.1-20.6-21.8C69.7 314.1 48 282.2 48 240c0-88.2 93.3-160 208-160s208 71.8 208 160-93.3 160-208 160z\"><\/path><\/svg>\t\t\t\t\t\t\t\t<\/div>\n\t\t\t\t\t\t\t<\/div>\n\t\t\t\t\t\t\n\t\t\t\t\t\t\t\t\t\t\t\t\t<h3 class=\"elementor-flip-box__layer__title\">\n\t\t\t\t\t\t\t\tSu redacci\u00f3n importa\t\t\t\t\t\t\t<\/h3>\n\t\t\t\t\t\t\n\t\t\t\t\t\t\t\t\t\t\t<\/div>\n\t\t\t\t<\/div>\n\t\t\t<\/div>\n\t\t\t<div class=\"elementor-flip-box__layer elementor-flip-box__back\">\n\t\t\t<div class=\"elementor-flip-box__layer__overlay\">\n\t\t\t\t<div class=\"elementor-flip-box__layer__inner\">\n\t\t\t\t\t\n\t\t\t\t\t\t\t\t\t\t\t<div class=\"elementor-flip-box__layer__description\">\n\t\t\t\t\t\t\tUsted quiere una formulaci\u00f3n neutra, m\u00e9dicamente exacta y responsable, no afirmaciones exageradas ni \"bombo publicitario\".\t\t\t\t\t\t<\/div>\n\t\t\t\t\t\n\t\t\t\t\t\t\t\t<\/div>\n\t\t<\/div>\n\t\t<\/div>\n\t\t<\/div>\n\t\t\t\t\t\t<\/div>\n\t\t\t\t<\/div>\n\t\t\t\t\t<\/div>\n\t\t\t\t<\/div>\n\t\t\t\t<div class=\"elementor-element elementor-element-1dc4d1a elementor-widget elementor-widget-text-editor\" data-id=\"1dc4d1a\" data-element_type=\"widget\" data-settings=\"{&quot;ekit_we_effect_on&quot;:&quot;none&quot;}\" data-widget_type=\"text-editor.default\">\n\t\t\t\t<div class=\"elementor-widget-container\">\n\t\t\t\t\t\t\t\t\t<h3>Si algo de esto le resulta familiar, este servicio est\u00e1 hecho para usted.<\/h3>\t\t\t\t\t\t\t\t<\/div>\n\t\t\t\t<\/div>\n\t\t\t\t<div class=\"elementor-element elementor-element-c6362ec elementor-widget__width-initial elementor-widget elementor-widget-text-editor\" data-id=\"c6362ec\" data-element_type=\"widget\" data-settings=\"{&quot;ekit_we_effect_on&quot;:&quot;none&quot;}\" data-widget_type=\"text-editor.default\">\n\t\t\t\t<div class=\"elementor-widget-container\">\n\t\t\t\t\t\t\t\t\t<p>Algunos de los contenidos m\u00e9dicos publicados en nuestras plataformas se crean y perfeccionan utilizando nuestro propio <strong>Motor de Contenidos M\u00e9dicos<\/strong>, dise\u00f1ado para favorecer una comunicaci\u00f3n m\u00e9dica clara y sencilla para el paciente. Los art\u00edculos que se muestran a continuaci\u00f3n son <strong>ejemplos reales de nuestro propio sitio web<\/strong>, creados con el mismo sistema que puede probar aqu\u00ed, incluido el tono m\u00e9dico controlado, la traducci\u00f3n profesional y la estructura coherente. Esto le permite revisar la calidad y la redacci\u00f3n antes de solicitar su propia muestra.  <\/p><p style=\"text-align: center;\">Puesto en directo 1: <a href=\"https:\/\/medicalservicefinder.com\/go\/content-example-1-en\/\" target=\"_blank\" rel=\"noopener\">ingl\u00e9s<\/a>, <a href=\"https:\/\/medicalservicefinder.com\/go\/content-example-1-de\/\" target=\"_blank\" rel=\"noopener\">alem\u00e1n<\/a>, <a href=\"https:\/\/medicalservicefinder.com\/go\/content-example-1-fr\/\" target=\"_blank\" rel=\"noopener\">franc\u00e9s<\/a>, <a href=\"https:\/\/medicalservicefinder.com\/go\/content-example-1-it\/\" target=\"_blank\" rel=\"noopener\">italiano<\/a>, <a href=\"https:\/\/medicalservicefinder.com\/go\/content-example-1-es\/\" target=\"_blank\" rel=\"noopener\">espa\u00f1ol<\/a><\/p><p style=\"text-align: center;\">Puesto en directo 2: <a href=\"https:\/\/medicalservicefinder.com\/go\/content-example-2-en\/\" target=\"_blank\" rel=\"noopener\">ingl\u00e9s<\/a>, <a href=\"https:\/\/medicalservicefinder.com\/go\/content-example-2-de\/\" target=\"_blank\" rel=\"noopener\">alem\u00e1n<\/a>, <a href=\"https:\/\/medicalservicefinder.com\/go\/content-example-2-fr\/\" target=\"_blank\" rel=\"noopener\">franc\u00e9s<\/a>, <a href=\"https:\/\/medicalservicefinder.com\/go\/content-example-2-it\/\" target=\"_blank\" rel=\"noopener\">italiano<\/a>, <a href=\"https:\/\/medicalservicefinder.com\/go\/content-example-2-es\/\" target=\"_blank\" rel=\"noopener\">espa\u00f1ol<\/a><\/p>\t\t\t\t\t\t\t\t<\/div>\n\t\t\t\t<\/div>\n\t\t\t\t\t<\/div>\n\t\t\t\t<\/div>\n\t\t<div class=\"elementor-element elementor-element-95ddee5 e-flex e-con-boxed e-con e-parent\" data-id=\"95ddee5\" data-element_type=\"container\" data-settings=\"{&quot;ekit_has_onepagescroll_dot&quot;:&quot;yes&quot;}\">\n\t\t\t\t\t<div class=\"e-con-inner\">\n\t\t\t\t<div class=\"elementor-element elementor-element-d07a3ae elementor-widget elementor-widget-text-editor\" data-id=\"d07a3ae\" data-element_type=\"widget\" data-settings=\"{&quot;ekit_we_effect_on&quot;:&quot;none&quot;}\" data-widget_type=\"text-editor.default\">\n\t\t\t\t<div class=\"elementor-widget-container\">\n\t\t\t\t\t\t\t\t\t<h3>Lo que recibe<\/h3>\n<ul>\n \t<li><b>1 art\u00edculo m\u00e9dico (m\u00e1ster en ingl\u00e9s)<\/b> &#8211; f\u00e1cil de usar para el paciente, listo para la cl\u00ednica.<\/li>\n \t<li><b>1 traducci\u00f3n (en la lengua de la UE que elija)<\/b>, perfeccionada para una lectura natural y un tono coherente.<\/li>\n \t<li><b>2 im\u00e1genes m\u00e9dicas<\/b>: una optimizada para la entrada del blog y otra con formato para las redes sociales.<\/li>\n \t<li><b>Formato de entrega<\/b>: HTML limpio y\/o un documento que pueda pegar en su sitio web.<\/li>\n<\/ul>\n<h3>Por qu\u00e9 es diferente de \u00abChatGPT + Traducir\u00bb<\/h3>\n<ul>\n \t<li><b>Control de la comunicaci\u00f3n m\u00e9dica:<\/b> el resultado est\u00e1 dise\u00f1ado para ser informativo, neutral y responsable, evitando promesas exageradas o conclusiones inapropiadas.<\/li>\n \t<li><b>Terminolog\u00eda y redacci\u00f3n segura para las marcas:<\/b> los t\u00e9rminos m\u00e9dicos y los nombres de marca pueden conservarse cuando sea necesario, evitando traducciones enga\u00f1osas.<\/li>\n \t<li><b>Traducciones refinadas, no resultados autom\u00e1ticos en bruto:<\/b> las traducciones se refinan para que resulten naturales en el idioma local, con un tono y una formalidad coherentes en todo momento.<\/li>\n \t<li><b>Estructura flexible:<\/b> si prefiere encabezados de secci\u00f3n o un esquema espec\u00edfico, podemos generar el contenido en consecuencia.<\/li>\n \t<li><b>Contenido individual:<\/b> cada art\u00edculo se crea a petici\u00f3n suya; no reutilizamos una base de datos de entradas predefinida.<\/li>\n<\/ul>\n<h3>C\u00f3mo funciona<\/h3>\n<ol>\n \t<li><b>Reg\u00edstrese gratis<\/b> (no necesita tarjeta de cr\u00e9dito).<\/li>\n \t<li><b>Env\u00ede su tema y la lengua de destino<\/b> en un breve formulario de solicitud.<\/li>\n \t<li><b>Reciba su contenido en 24-48 horas<\/b> (m\u00e1ster en ingl\u00e9s + traducci\u00f3n + dos visuales)<\/li>\n<\/ol>\n<h3><strong>Precios<\/strong><\/h3>\n<p><strong>120 \u20ac + IVA \/ paquete completo.<\/strong><\/p>\n<p>Ofrecemos descuentos por volumen para pedidos de varios paquetes.<\/p>\n<p>\n  <strong>5 paquetes:<\/strong> 550 \u20ac + IVA<br>\n  <strong>10 paquetes:<\/strong> 1.000 \u20ac + IVA<br>\n  <strong>Traducci\u00f3n del contenido generado a 1 idioma adicional de la UE:<\/strong> 40 \u20ac + IVA\n<\/p>\t\t\t\t\t\t\t\t<\/div>\n\t\t\t\t<\/div>\n\t\t\t\t<div class=\"elementor-element elementor-element-3896977 elementor-widget__width-initial elementor-button-align-stretch elementor-widget elementor-widget-form\" data-id=\"3896977\" data-element_type=\"widget\" id=\"content_assistant_form\" data-settings=\"{&quot;step_next_label&quot;:&quot;Siguiente&quot;,&quot;step_previous_label&quot;:&quot;Anterior&quot;,&quot;button_width&quot;:&quot;50&quot;,&quot;step_type&quot;:&quot;number_text&quot;,&quot;step_icon_shape&quot;:&quot;circle&quot;,&quot;ekit_we_effect_on&quot;:&quot;none&quot;}\" data-widget_type=\"form.default\">\n\t\t\t\t<div class=\"elementor-widget-container\">\n\t\t\t\t\t\t\t<form class=\"elementor-form\" method=\"post\" id=\"content_assistant\" name=\"Nuevo formulario\" aria-label=\"Nuevo formulario\">\n\t\t\t<input type=\"hidden\" name=\"post_id\" value=\"20477\"\/>\n\t\t\t<input type=\"hidden\" name=\"form_id\" value=\"3896977\"\/>\n\t\t\t<input type=\"hidden\" name=\"referer_title\" value=\"Asistente de contenidos m\u00e9dicos para cl\u00ednicas y m\u00e9dicos | MSF\" \/>\n\n\t\t\t\t\t\t\t<input type=\"hidden\" name=\"queried_id\" value=\"20477\"\/>\n\t\t\t\n\t\t\t<div class=\"elementor-form-fields-wrapper elementor-labels-above\">\n\t\t\t\t\t\t\t\t<div class=\"elementor-field-type-html elementor-field-group elementor-column elementor-field-group-field_cc8cfcb elementor-col-100\">\n\t\t\t\t\t<h3>Prueba del auxiliar de contenidos m\u00e9dicos - Muestra gratis<\/h3>\n<p>Solicite un art\u00edculo m\u00e9dico + traducci\u00f3n y eval\u00fae la calidad del resultado.<\/p>\t\t\t\t<\/div>\n\t\t\t\t\t\t\t\t<div class=\"elementor-field-type-radio elementor-field-group elementor-column elementor-field-group-field_41ef021 elementor-col-100\">\n\t\t\t\t\t\t\t\t\t\t\t\t<label for=\"form-field-field_41ef021\" class=\"elementor-field-label\">\n\t\t\t\t\t\t\t\tIdioma adicional\t\t\t\t\t\t\t<\/label>\n\t\t\t\t\t\t<div class=\"elementor-field-subgroup  elementor-subgroup-inline\"><span class=\"elementor-field-option\"><input type=\"radio\" value=\"CZ\" id=\"form-field-field_41ef021-0\" name=\"form_fields[field_41ef021]\"> <label for=\"form-field-field_41ef021-0\">CZ<\/label><\/span><span class=\"elementor-field-option\"><input type=\"radio\" value=\"DE\" id=\"form-field-field_41ef021-1\" name=\"form_fields[field_41ef021]\"> <label for=\"form-field-field_41ef021-1\">DE<\/label><\/span><span class=\"elementor-field-option\"><input type=\"radio\" value=\"ES\" id=\"form-field-field_41ef021-2\" name=\"form_fields[field_41ef021]\"> <label for=\"form-field-field_41ef021-2\">ES<\/label><\/span><span class=\"elementor-field-option\"><input type=\"radio\" value=\"FR\" id=\"form-field-field_41ef021-3\" name=\"form_fields[field_41ef021]\"> <label for=\"form-field-field_41ef021-3\">FR<\/label><\/span><span class=\"elementor-field-option\"><input type=\"radio\" value=\"HU\" id=\"form-field-field_41ef021-4\" name=\"form_fields[field_41ef021]\"> <label for=\"form-field-field_41ef021-4\">HU<\/label><\/span><span class=\"elementor-field-option\"><input type=\"radio\" value=\"IT\" id=\"form-field-field_41ef021-5\" name=\"form_fields[field_41ef021]\"> <label for=\"form-field-field_41ef021-5\">IT<\/label><\/span><span class=\"elementor-field-option\"><input type=\"radio\" value=\"NL\" id=\"form-field-field_41ef021-6\" name=\"form_fields[field_41ef021]\"> <label for=\"form-field-field_41ef021-6\">NL<\/label><\/span><span class=\"elementor-field-option\"><input type=\"radio\" value=\"PL\" id=\"form-field-field_41ef021-7\" name=\"form_fields[field_41ef021]\"> <label for=\"form-field-field_41ef021-7\">PL<\/label><\/span><span class=\"elementor-field-option\"><input type=\"radio\" value=\"RO\" id=\"form-field-field_41ef021-8\" name=\"form_fields[field_41ef021]\"> <label for=\"form-field-field_41ef021-8\">RO<\/label><\/span><\/div>\t\t\t\t<\/div>\n\t\t\t\t\t\t\t\t<div class=\"elementor-field-type-text elementor-field-group elementor-column elementor-field-group-name elementor-col-100\">\n\t\t\t\t\t\t\t\t\t\t\t\t<label for=\"form-field-name\" class=\"elementor-field-label\">\n\t\t\t\t\t\t\t\tT\u00edtulo\t\t\t\t\t\t\t<\/label>\n\t\t\t\t\t\t\t\t\t\t\t\t\t\t<input size=\"1\" type=\"text\" name=\"form_fields[name]\" id=\"form-field-name\" class=\"elementor-field elementor-size-sm  elementor-field-textual\" placeholder=\"Implantes dentales para personas mayores\">\n\t\t\t\t\t\t\t\t\t\t\t<\/div>\n\t\t\t\t\t\t\t\t<div class=\"elementor-field-type-textarea elementor-field-group elementor-column elementor-field-group-field_31f4a7d elementor-col-100\">\n\t\t\t\t\t\t\t\t\t\t\t\t<label for=\"form-field-field_31f4a7d\" class=\"elementor-field-label\">\n\t\t\t\t\t\t\t\tDescripci\u00f3n\t\t\t\t\t\t\t<\/label>\n\t\t\t\t\t\t<textarea class=\"elementor-field-textual elementor-field  elementor-size-sm\" name=\"form_fields[field_31f4a7d]\" id=\"form-field-field_31f4a7d\" rows=\"4\" placeholder=\"Introduzca el tema principal o titular de su contenido.\"><\/textarea>\t\t\t\t<\/div>\n\t\t\t\t\t\t\t\t<div class=\"elementor-field-type-text elementor-field-group elementor-column elementor-field-group-field_b494240 elementor-col-100 elementor-field-required\">\n\t\t\t\t\t\t\t\t\t\t\t\t<label for=\"form-field-field_b494240\" class=\"elementor-field-label\">\n\t\t\t\t\t\t\t\tNombre\t\t\t\t\t\t\t<\/label>\n\t\t\t\t\t\t\t\t\t\t\t\t\t\t<input size=\"1\" type=\"text\" name=\"form_fields[field_b494240]\" id=\"form-field-field_b494240\" class=\"elementor-field elementor-size-sm  elementor-field-textual\" required=\"required\">\n\t\t\t\t\t\t\t\t\t\t\t<\/div>\n\t\t\t\t\t\t\t\t<div class=\"elementor-field-type-email elementor-field-group elementor-column elementor-field-group-field_770b177 elementor-col-100 elementor-field-required\">\n\t\t\t\t\t\t\t\t\t\t\t\t<label for=\"form-field-field_770b177\" class=\"elementor-field-label\">\n\t\t\t\t\t\t\t\tCorreo electr\u00f3nico profesional\t\t\t\t\t\t\t<\/label>\n\t\t\t\t\t\t\t\t\t\t\t\t\t\t<input size=\"1\" type=\"email\" name=\"form_fields[field_770b177]\" id=\"form-field-field_770b177\" class=\"elementor-field elementor-size-sm  elementor-field-textual\" required=\"required\">\n\t\t\t\t\t\t\t\t\t\t\t<\/div>\n\t\t\t\t\t\t\t\t<div class=\"elementor-field-type-checkbox elementor-field-group elementor-column elementor-field-group-field_4972cef elementor-col-100\">\n\t\t\t\t\t\t\t\t\t\t\t\t<label for=\"form-field-field_4972cef\" class=\"elementor-field-label\">\n\t\t\t\t\t\t\t\tRepresento a una consulta m\u00e9dica o trabajo con contenido m\u00e9dico.\t\t\t\t\t\t\t<\/label>\n\t\t\t\t\t\t<div class=\"elementor-field-subgroup  elementor-subgroup-inline\"><span class=\"elementor-field-option\"><input type=\"checkbox\" value=\"\" id=\"form-field-field_4972cef-0\" name=\"form_fields[field_4972cef]\"> <label for=\"form-field-field_4972cef-0\"><\/label><\/span><\/div>\t\t\t\t<\/div>\n\t\t\t\t\t\t\t\t<div class=\"elementor-field-type-html elementor-field-group elementor-column elementor-field-group-field_b9d9311 elementor-col-100\">\n\t\t\t\t\tRecibir\u00e1 por correo electr\u00f3nico el contenido de ejemplo generado. No se activa ninguna suscripci\u00f3n. \t\t\t\t<\/div>\n\t\t\t\t\t\t\t\t<div class=\"elementor-field-group elementor-column elementor-field-type-submit elementor-col-50 e-form__buttons\">\n\t\t\t\t\t<button class=\"elementor-button elementor-size-sm\" type=\"submit\">\n\t\t\t\t\t\t<span class=\"elementor-button-content-wrapper\">\n\t\t\t\t\t\t\t\t\t\t\t\t\t\t\t\t\t\t\t\t\t\t<span class=\"elementor-button-text\">Solicitar art\u00edculo de muestra<\/span>\n\t\t\t\t\t\t\t\t\t\t\t\t\t<\/span>\n\t\t\t\t\t<\/button>\n\t\t\t\t<\/div>\n\t\t\t<\/div>\n\t\t<\/form>\n\t\t\t\t\t\t<\/div>\n\t\t\t\t<\/div>\n\t\t\t\t\t<\/div>\n\t\t\t\t<\/div>\n\t\t\t\t<\/div>\n\t\t","protected":false},"excerpt":{"rendered":"<p>Dise\u00f1ado para consultas m\u00e9dicas con mucho trabajo Contenido m\u00e9dico Assistant Genere un art\u00edculo m\u00e9dico profesional en ingl\u00e9s + un idioma de la UE, incluidos dos elementos visuales listos para usar. Entrega en 24-48 horas. Recibir\u00e1 el art\u00edculo principal en ingl\u00e9s + la traducci\u00f3n a la lengua de la UE que haya seleccionado. Necesita contenidos de<a class=\"moretag\" href=\"https:\/\/medicalservicefinder.com\/es\/medical-content-assistant\/\"> Read more&#8230;<\/a><\/p>\n","protected":false},"author":1,"featured_media":0,"parent":0,"menu_order":0,"comment_status":"closed","ping_status":"closed","template":"","meta":{"_acf_changed":false,"inline_featured_image":false,"footnotes":""},"folder":[],"class_list":["post-20477","page","type-page","status-publish","hentry"],"acf":[],"_links":{"self":[{"href":"https:\/\/medicalservicefinder.com\/es\/wp-json\/wp\/v2\/pages\/20477","targetHints":{"allow":["GET"]}}],"collection":[{"href":"https:\/\/medicalservicefinder.com\/es\/wp-json\/wp\/v2\/pages"}],"about":[{"href":"https:\/\/medicalservicefinder.com\/es\/wp-json\/wp\/v2\/types\/page"}],"author":[{"embeddable":true,"href":"https:\/\/medicalservicefinder.com\/es\/wp-json\/wp\/v2\/users\/1"}],"replies":[{"embeddable":true,"href":"https:\/\/medicalservicefinder.com\/es\/wp-json\/wp\/v2\/comments?post=20477"}],"version-history":[{"count":5,"href":"https:\/\/medicalservicefinder.com\/es\/wp-json\/wp\/v2\/pages\/20477\/revisions"}],"predecessor-version":[{"id":23601,"href":"https:\/\/medicalservicefinder.com\/es\/wp-json\/wp\/v2\/pages\/20477\/revisions\/23601"}],"wp:attachment":[{"href":"https:\/\/medicalservicefinder.com\/es\/wp-json\/wp\/v2\/media?parent=20477"}],"wp:term":[{"taxonomy":"folder","embeddable":true,"href":"https:\/\/medicalservicefinder.com\/es\/wp-json\/wp\/v2\/folder?post=20477"}],"curies":[{"name":"wp","href":"https:\/\/api.w.org\/{rel}","templated":true}]}}