{"id":3068,"date":"2024-06-04T14:28:03","date_gmt":"2024-06-04T13:28:03","guid":{"rendered":"https:\/\/dev.medicalservicefinder.com\/impressum\/"},"modified":"2026-02-20T11:28:39","modified_gmt":"2026-02-20T11:28:39","slug":"impressum","status":"publish","type":"page","link":"https:\/\/medicalservicefinder.com\/de\/impressum\/","title":{"rendered":"Impressum"},"content":{"rendered":"\t\t<div data-elementor-type=\"wp-page\" data-elementor-id=\"3068\" class=\"elementor elementor-3068 elementor-661\" data-elementor-post-type=\"page\">\n\t\t\t\t<div class=\"elementor-element elementor-element-f266536 e-flex e-con-boxed e-con e-parent\" data-id=\"f266536\" data-element_type=\"container\" data-settings=\"{&quot;ekit_has_onepagescroll_dot&quot;:&quot;yes&quot;}\">\n\t\t\t\t\t<div class=\"e-con-inner\">\n\t\t\t\t<div class=\"elementor-element elementor-element-5f57cff elementor-widget elementor-widget-heading\" data-id=\"5f57cff\" data-element_type=\"widget\" data-settings=\"{&quot;ekit_we_effect_on&quot;:&quot;none&quot;}\" data-widget_type=\"heading.default\">\n\t\t\t\t<div class=\"elementor-widget-container\">\n\t\t\t\t\t<h1 class=\"elementor-heading-title elementor-size-default\">Impressum<\/h1>\t\t\t\t<\/div>\n\t\t\t\t<\/div>\n\t\t\t\t<div class=\"elementor-element elementor-element-7b59c3a elementor-widget elementor-widget-text-editor\" data-id=\"7b59c3a\" data-element_type=\"widget\" data-settings=\"{&quot;ekit_we_effect_on&quot;:&quot;none&quot;}\" data-widget_type=\"text-editor.default\">\n\t\t\t\t<div class=\"elementor-widget-container\">\n\t\t\t\t\t\t\t\t\t<table style=\"border-collapse: collapse; line-height: 1.8;\"><tbody><tr><td style=\"padding-right: 20px;\"><strong>Name:<\/strong><\/td><td>Budvoyage Media Kft.<\/td><\/tr><tr><td style=\"padding-right: 20px;\"><strong>Eingetragene Anschrift:<\/strong><\/td><td>1054 Budapest, Perczel M\u00f3r u. 4., Ungarn <\/td><\/tr><tr><td style=\"padding-right: 20px;\"><strong>Gesch\u00e4ftsf\u00fchrender Direktor:<\/strong><\/td><td>Gy\u00f6ngyv\u00e9r B\u00f6g\u00f6zi<\/td><\/tr><tr><td style=\"padding-right: 20px;\"><strong>EU-MEHRWERTSTEUER:<\/strong><\/td><td>HU24714549<\/td><\/tr><tr><td style=\"padding-right: 20px;\"><strong>Hosting-Anbieter:<\/strong><\/td><td><p>Hetzner Online GmbH, Industriestr. 25, 91710 Gunzenhausen, Deutschland <\/p><\/td><\/tr><tr><td style=\"padding-right: 20px;\"><strong>E-Mail:<\/strong><\/td><td><a href=\"mailto:hello@medicalservicefinder.com\">hello@medicalservicefinder.com<\/a><\/td><\/tr><tr><td style=\"padding-top: 10px;\" colspan=\"2\"><strong>Bankverbindung:<\/strong><\/td><\/tr><tr><td style=\"padding-right: 20px;\">Name der Bank:<\/td><td>OTP Bank Nyrt.<\/td><\/tr><tr><td style=\"padding-right: 20px;\">IBAN:<\/td><td>HU16 1176 3079 1698 9883 0000 0000<\/td><\/tr><tr><td style=\"padding-right: 20px;\">BIC \/ SWIFT:<\/td><td>OTPVHUHB<\/td><\/tr><\/tbody><\/table>\t\t\t\t\t\t\t\t<\/div>\n\t\t\t\t<\/div>\n\t\t\t\t\t<\/div>\n\t\t\t\t<\/div>\n\t\t\t\t<\/div>\n\t\t","protected":false},"excerpt":{"rendered":"<p>Impressum Name: Budvoyage Media Kft. Eingetragene Anschrift: 1054 Budapest, Perczel M\u00f3r u. 4., Ungarn Gesch\u00e4ftsf\u00fchrender Direktor: Gy\u00f6ngyv\u00e9r B\u00f6g\u00f6zi EU-MEHRWERTSTEUER: HU24714549 Hosting-Anbieter: Hetzner Online GmbH, Industriestr. 25, 91710 Gunzenhausen, Deutschland E-Mail: hello@medicalservicefinder.com Bankverbindung: Name der Bank: OTP Bank Nyrt. IBAN: HU16 1176 3079 1698 9883 0000 0000 BIC \/ SWIFT: OTPVHUHB<\/p>\n","protected":false},"author":1,"featured_media":0,"parent":0,"menu_order":0,"comment_status":"closed","ping_status":"closed","template":"elementor_header_footer","meta":{"_acf_changed":false,"inline_featured_image":false,"footnotes":""},"folder":[521],"class_list":["post-3068","page","type-page","status-publish","hentry"],"acf":[],"_links":{"self":[{"href":"https:\/\/medicalservicefinder.com\/de\/wp-json\/wp\/v2\/pages\/3068","targetHints":{"allow":["GET"]}}],"collection":[{"href":"https:\/\/medicalservicefinder.com\/de\/wp-json\/wp\/v2\/pages"}],"about":[{"href":"https:\/\/medicalservicefinder.com\/de\/wp-json\/wp\/v2\/types\/page"}],"author":[{"embeddable":true,"href":"https:\/\/medicalservicefinder.com\/de\/wp-json\/wp\/v2\/users\/1"}],"replies":[{"embeddable":true,"href":"https:\/\/medicalservicefinder.com\/de\/wp-json\/wp\/v2\/comments?post=3068"}],"version-history":[{"count":2,"href":"https:\/\/medicalservicefinder.com\/de\/wp-json\/wp\/v2\/pages\/3068\/revisions"}],"predecessor-version":[{"id":21172,"href":"https:\/\/medicalservicefinder.com\/de\/wp-json\/wp\/v2\/pages\/3068\/revisions\/21172"}],"wp:attachment":[{"href":"https:\/\/medicalservicefinder.com\/de\/wp-json\/wp\/v2\/media?parent=3068"}],"wp:term":[{"taxonomy":"folder","embeddable":true,"href":"https:\/\/medicalservicefinder.com\/de\/wp-json\/wp\/v2\/folder?post=3068"}],"curies":[{"name":"wp","href":"https:\/\/api.w.org\/{rel}","templated":true}]}}