{"id":2930,"date":"2020-10-28T16:01:10","date_gmt":"2020-10-28T16:01:10","guid":{"rendered":"https:\/\/dev.medicalservicefinder.com\/cookie-policy\/"},"modified":"2026-03-06T10:16:28","modified_gmt":"2026-03-06T10:16:28","slug":"cookie-policy","status":"publish","type":"page","link":"https:\/\/medicalservicefinder.com\/de\/cookie-policy\/","title":{"rendered":"Cookie-Richtlinie"},"content":{"rendered":"<h1>Cookie-Richtlinie<\/h1>\n<p><strong>Letzte Aktualisierung: 6. M\u00e4rz 2026<\/strong><\/p>\n<hr>\n<h2><strong>1. Einleitung<\/strong><\/h2>\n<p>\nBudvoyage Media Kft. als Eigent\u00fcmer dieser Website nimmt die Datenschutzrechte der Nutzer unserer Website<br \/>\n(<strong><em>https:\/\/www.medicalservicefinder.com\/<\/em><\/strong>) (die <strong>\u201eWebsite<\/strong>\u201c) sehr ernst und verpflichtet sich ,<br \/>\n Ihre Privatsph\u00e4re zu sch\u00fctzen und zu respektieren.\n<\/p>\n<p>\nDurch die Nutzung der Website stimmen Sie der Verwendung von Cookies und anderen Tracking-Tools gem\u00e4\u00df dieser Richtlinie zu<br \/>\n(es sei denn, Sie deaktivieren Cookies \u00fcber Ihre Browsereinstellungen, wie unten beschrieben, oder durch andere Deaktivierungsma\u00dfnahmen).\n<\/p>\n<hr>\n<h2><strong>2. Was sind Cookies und Web Beacons?<\/strong><\/h2>\n<p>\nCookies sind Textdateien, die kleine Mengen an Informationen enthalten und beim Besuch einer Website auf Ihr Ger\u00e4t heruntergeladen werden.<br \/>\nCookies werden dann bei jedem weiteren Besuch an die urspr\u00fcngliche Website oder an eine andere Website, die dieses Cookie erkennt, zur\u00fcckgesendet.<br \/>\nCookies sind n\u00fctzlich, da sie es einer Website erm\u00f6glichen, das Ger\u00e4t eines Nutzers zu erkennen.\n<\/p>\n<p>\nWeitere Informationen zu Cookies finden Sie unter<br \/>\n<a href=\"http:\/\/www.allaboutcookies.org\/\" target=\"_new\" rel=\"noopener\">www.allaboutcookies.org<\/a> und<br \/>\n<a href=\"http:\/\/www.youronlinechoices.eu\/\" target=\"_new\" rel=\"noopener\">www.youronlinechoices.eu<\/a>.\n<\/p>\n<p>\nEin Web-Beacon ist ein kleines Bild (in der Regel in eine Webseite oder E-Mail eingebettet), mit dem eine Website die Besucher dieser Seite z\u00e4hlen oder auf bestimmte Cookies zugreifen kann.\n<\/p>\n<hr>\n<h2><strong>3. Warum wir Cookies verwenden<\/strong><\/h2>\n<p>\nWenn Sie unsere Website besuchen, k\u00f6nnen wir bestimmte Cookies auf Ihrem Ger\u00e4t setzen und darauf zugreifen. Diese Cookies erm\u00f6glichen es uns:\n<\/p>\n<ul class=\"square\">\n<li>die Gr\u00f6\u00dfe der Zielgruppe und Nutzungsmuster zu sch\u00e4tzen<\/li>\n<li>Informationen \u00fcber Benutzerpr\u00e4ferenzen zu speichern<\/li>\n<li>die Website an individuelle Interessen anzupassen<\/li>\n<li>die Navigation zu beschleunigen<\/li>\n<li>Wiederkehrende Besucher zu erkennen<\/li>\n<\/ul>\n<p>\nZus\u00e4tzlich zu unseren eigenen Cookies k\u00f6nnen wir Gesch\u00e4ftspartnern und verbundenen Unternehmen gestatten, Cookies auf Ihrem Ger\u00e4t zu setzen und darauf zuzugreifen.<br \/>\nDie Verwendung von Cookies durch diese Dritten unterliegt deren eigenen Datenschutzrichtlinien.\n<\/p>\n<hr>\n<h2><strong>4. Arten von Cookies<\/strong><\/h2>\n<p>Es gibt drei Hauptarten von Cookies, die im Allgemeinen auf Websites verwendet werden:<\/p>\n<p><strong>Unbedingt erforderliche Cookies<\/strong><\/p>\n<p>\nDiese Cookies sind unerl\u00e4sslich, damit Sie sich auf der Website bewegen und deren Funktionen nutzen k\u00f6nnen, z. B. den Zugriff auf sichere Bereiche.<br \/>\nOhne diese Cookies k\u00f6nnen bestimmte Dienste nicht bereitgestellt werden.\n<\/p>\n<p>\nIhre Lebensdauer beschr\u00e4nkt sich in der Regel auf die Dauer Ihres Besuchs und sie werden gel\u00f6scht, wenn Sie Ihren Browser schlie\u00dfen.<br \/>\nSie enthalten keine personenbezogenen Daten, die eine Person identifizieren k\u00f6nnen.\n<\/p>\n<p><strong>Funktionscookies<\/strong><\/p>\n<p>\nDiese Cookies erm\u00f6glichen es der Website, sich Ihre Auswahl (z. B. Sprache oder Region) zu merken und erweiterte Funktionen bereitzustellen.<br \/>\nDie gesammelten Informationen k\u00f6nnen anonymisiert werden und verfolgen keine Browsing-Aktivit\u00e4ten auf anderen Websites.\n<\/p>\n<p><strong>Leistungscookies<\/strong><\/p>\n<p>\nDiese Cookies sammeln Informationen dar\u00fcber, wie Besucher eine Website nutzen, z. B. welche Seiten am h\u00e4ufigsten besucht werden oder ob Fehlermeldungen auftreten.<br \/>\nDie gesammelten Informationen werden aggregiert und anonymisiert und dienen ausschlie\u00dflich der Verbesserung der Website-Funktionalit\u00e4t.\n<\/p>\n<hr>\n<h2><strong>5. So deaktivieren Sie Cookies<\/strong><\/h2>\n<p>Sie k\u00f6nnen Cookies jederzeit deaktivieren.<\/p>\n<p>\nIhr Browser kann so eingestellt werden, dass er Sie \u00fcber auf Ihrem Ger\u00e4t gespeicherte Cookies informiert und Sie fragt, ob Sie diese akzeptieren m\u00f6chten.<br \/>\nSie k\u00f6nnen Cookies auch einzeln ablehnen oder alle Cookies deaktivieren.\n<\/p>\n<p>\nBitte beachten Sie, dass einige Teile unserer Website m\u00f6glicherweise nicht ordnungsgem\u00e4\u00df funktionieren, wenn Sie alle Cookies ablehnen.\n<\/p>\n<p>\nVerschiedene Browser verwenden unterschiedliche Methoden zur Verwaltung von Cookies. Bitte konsultieren Sie den Hilfebereich Ihres Browsers oder besuchen Sie die folgenden Seiten:\n<\/p>\n<ul class=\"square\">\n<li>Internet Explorer: <a href=\"https:\/\/support.microsoft.com\/en-gb\/help\/17442\/windows-internet-explorer-delete-manage-cookies\" target=\"_new\" rel=\"noopener\">Microsoft-Support<\/a><\/li>\n<li>Firefox: <a href=\"https:\/\/support.mozilla.org\/en-US\/kb\/enable-and-disable-cookies-website-preferences\" target=\"_new\" rel=\"noopener\">Mozilla-Support<\/a><\/li>\n<li>Safari: <a href=\"https:\/\/support.apple.com\/kb\/PH21411?locale=en_GB\" target=\"_new\" rel=\"noopener\">Apple-Support<\/a><\/li>\n<li>Google Chrome: <a href=\"https:\/\/support.google.com\/chrome\/answer\/95647?co=GENIE.Platform%3DDesktop&amp;hl=en\" target=\"_new\" rel=\"noopener\">Google-Support<\/a><\/li>\n<\/ul>\n<p>\nWenn Sie Ihre Zustimmung zu Cookies widerrufen, k\u00f6nnen wir Cookies von Drittanbietern nicht selbst entfernen.<br \/>\nUm diese zu entfernen, m\u00fcssen Sie sie in den Cookie-Einstellungen Ihres Browsers l\u00f6schen.\n<\/p>\n<hr>\n<h2><strong>6. \u00c4nderungen an dieser Cookie-Richtlinie<\/strong><\/h2>\n<p>\nAlle \u00c4nderungen an dieser Cookie-Richtlinie werden auf dieser Seite ver\u00f6ffentlicht.\n<\/p>\n<hr>\n<h2><strong>7. Kontakt<\/strong><\/h2>\n<p>\nWenn Sie Fragen oder Anmerkungen zu unserer Cookie-Richtlinie oder zur Verwendung von Cookies haben, wenden Sie sich bitte an unseren Datenschutzbeauftragten:\n<\/p>\n<p>\n<strong>E-Mail:<\/strong> <a href=\"mailto:dpo@medicalservicefinder.com\">dpo@medicalservicefinder.com<\/a><\/p>\n","protected":false},"excerpt":{"rendered":"<p>Cookie-Richtlinie Letzte Aktualisierung: 6. M\u00e4rz 2026 1. Einleitung Budvoyage Media Kft. als Eigent\u00fcmer dieser Website nimmt die Datenschutzrechte der Nutzer unserer Website (https:\/\/www.medicalservicefinder.com\/) (die \u201eWebsite\u201c) sehr ernst und verpflichtet sich , Ihre Privatsph\u00e4re zu sch\u00fctzen und zu respektieren. Durch die Nutzung der Website stimmen Sie der Verwendung von Cookies und anderen Tracking-Tools gem\u00e4\u00df dieser Richtlinie<a class=\"moretag\" href=\"https:\/\/medicalservicefinder.com\/de\/cookie-policy\/\"> Read more&#8230;<\/a><\/p>\n","protected":false},"author":1,"featured_media":0,"parent":0,"menu_order":9,"comment_status":"closed","ping_status":"closed","template":"elementor_header_footer","meta":{"_acf_changed":false,"inline_featured_image":false,"footnotes":""},"folder":[],"class_list":["post-2930","page","type-page","status-publish","hentry"],"acf":[],"_links":{"self":[{"href":"https:\/\/medicalservicefinder.com\/de\/wp-json\/wp\/v2\/pages\/2930","targetHints":{"allow":["GET"]}}],"collection":[{"href":"https:\/\/medicalservicefinder.com\/de\/wp-json\/wp\/v2\/pages"}],"about":[{"href":"https:\/\/medicalservicefinder.com\/de\/wp-json\/wp\/v2\/types\/page"}],"author":[{"embeddable":true,"href":"https:\/\/medicalservicefinder.com\/de\/wp-json\/wp\/v2\/users\/1"}],"replies":[{"embeddable":true,"href":"https:\/\/medicalservicefinder.com\/de\/wp-json\/wp\/v2\/comments?post=2930"}],"version-history":[{"count":1,"href":"https:\/\/medicalservicefinder.com\/de\/wp-json\/wp\/v2\/pages\/2930\/revisions"}],"predecessor-version":[{"id":21981,"href":"https:\/\/medicalservicefinder.com\/de\/wp-json\/wp\/v2\/pages\/2930\/revisions\/21981"}],"wp:attachment":[{"href":"https:\/\/medicalservicefinder.com\/de\/wp-json\/wp\/v2\/media?parent=2930"}],"wp:term":[{"taxonomy":"folder","embeddable":true,"href":"https:\/\/medicalservicefinder.com\/de\/wp-json\/wp\/v2\/folder?post=2930"}],"curies":[{"name":"wp","href":"https:\/\/api.w.org\/{rel}","templated":true}]}}