{"id":23445,"date":"2026-03-18T11:09:55","date_gmt":"2026-03-18T10:09:55","guid":{"rendered":"https:\/\/medicalservicefinder.com\/?page_id=23445"},"modified":"2026-04-28T15:45:41","modified_gmt":"2026-04-28T13:45:41","slug":"border-region-gateway","status":"publish","type":"page","link":"https:\/\/medicalservicefinder.com\/de\/border-region-gateway\/","title":{"rendered":"Grenzregion Gateway Angebot"},"content":{"rendered":"\t\t<div data-elementor-type=\"wp-page\" data-elementor-id=\"23445\" class=\"elementor elementor-23445 elementor-23153\" data-elementor-post-type=\"page\">\n\t\t\t\t<div class=\"elementor-element elementor-element-4a057410 e-flex e-con-boxed e-con e-parent\" data-id=\"4a057410\" data-element_type=\"container\" data-settings=\"{&quot;ekit_has_onepagescroll_dot&quot;:&quot;yes&quot;}\">\n\t\t\t\t\t<div class=\"e-con-inner\">\n\t\t<div class=\"elementor-element elementor-element-6e3bede2 e-con-full e-flex e-con e-child\" data-id=\"6e3bede2\" data-element_type=\"container\" data-settings=\"{&quot;ekit_has_onepagescroll_dot&quot;:&quot;yes&quot;}\">\n\t\t\t\t<div class=\"elementor-element elementor-element-47784983 elementor-widget__width-initial elementor-widget elementor-widget-elementskit-heading\" data-id=\"47784983\" data-element_type=\"widget\" data-settings=\"{&quot;ekit_we_effect_on&quot;:&quot;none&quot;}\" data-widget_type=\"elementskit-heading.default\">\n\t\t\t\t<div class=\"elementor-widget-container\">\n\t\t\t\t\t<div class=\"ekit-wid-con\" ><div class=\"ekit-heading elementskit-section-title-wraper text_left   ekit_heading_tablet-   ekit_heading_mobile-\"><h2 class=\"elementskit-section-subtitle  \">\n\t\t\t\t\t\tUngarische Patienten grenz\u00fcberschreitend erreichen \u2014 mit einer mehrsprachigen Klinikpr\u00e4senz\n\t\t\t\t\t<\/h2><h2 class=\"ekit-heading--title elementskit-section-title \">Grenzregion <span><span>Gateway Angebot<\/span><\/span><\/h2>\t\t\t\t<div class='ekit-heading__description'>\n\t\t\t\t\t<p>Ver\u00f6ffentlichen Sie Ihre Klinik- und Arztprofile auf <strong>orvosaim.hu<\/strong> und <strong>MedicalServiceFinder.com<\/strong> in <strong>6 Sprachen<\/strong>: Ungarisch, Englisch, Deutsch, Franz\u00f6sisch, Italienisch und Spanisch.<br>Wir \u00fcbernehmen die Profilerstellung, \u00dcbersetzungen, Ver\u00f6ffentlichung und die KI-f\u00e4hige Struktur \u2014 damit Ihre Klinik von ungarischen Patienten und internationalen Suchsystemen leichter gefunden werden kann.<\/p>\n\t\t\t\t<\/div>\n\t\t\t<\/div><\/div>\t\t\t\t<\/div>\n\t\t\t\t<\/div>\n\t\t\t\t<\/div>\n\t\t<div class=\"elementor-element elementor-element-28b28f77 e-flex e-con-boxed e-con e-child\" data-id=\"28b28f77\" data-element_type=\"container\" data-settings=\"{&quot;ekit_has_onepagescroll_dot&quot;:&quot;yes&quot;}\">\n\t\t\t\t\t<div class=\"e-con-inner\">\n\t\t\t\t<div class=\"elementor-element elementor-element-1c6f84be elementor-flip-box--effect-flip elementor-flip-box--direction-up elementor-widget elementor-widget-flip-box\" data-id=\"1c6f84be\" data-element_type=\"widget\" data-settings=\"{&quot;ekit_we_effect_on&quot;:&quot;none&quot;}\" data-widget_type=\"flip-box.default\">\n\t\t\t\t<div class=\"elementor-widget-container\">\n\t\t\t\t\t\t\t<div class=\"elementor-flip-box\" tabindex=\"0\">\n\t\t\t<div class=\"elementor-flip-box__layer elementor-flip-box__front\">\n\t\t\t\t<div class=\"elementor-flip-box__layer__overlay\">\n\t\t\t\t\t<div class=\"elementor-flip-box__layer__inner\">\n\t\t\t\t\t\t\t\t\t\t\t\t\t<div class=\"elementor-icon-wrapper elementor-view-default\">\n\t\t\t\t\t\t\t\t<div class=\"elementor-icon\">\n\t\t\t\t\t\t\t\t\t<svg class=\"e-font-icon-svg e-fas-globe-europe\" viewBox=\"0 0 496 512\" xmlns=\"http:\/\/www.w3.org\/2000\/svg\"><path d=\"M248 8C111 8 0 119 0 256s111 248 248 248 248-111 248-248S385 8 248 8zm200 248c0 22.5-3.9 44.2-10.8 64.4h-20.3c-4.3 0-8.4-1.7-11.4-4.8l-32-32.6c-4.5-4.6-4.5-12.1.1-16.7l12.5-12.5v-8.7c0-3-1.2-5.9-3.3-8l-9.4-9.4c-2.1-2.1-5-3.3-8-3.3h-16c-6.2 0-11.3-5.1-11.3-11.3 0-3 1.2-5.9 3.3-8l9.4-9.4c2.1-2.1 5-3.3 8-3.3h32c6.2 0 11.3-5.1 11.3-11.3v-9.4c0-6.2-5.1-11.3-11.3-11.3h-36.7c-8.8 0-16 7.2-16 16v4.5c0 6.9-4.4 13-10.9 15.2l-31.6 10.5c-3.3 1.1-5.5 4.1-5.5 7.6v2.2c0 4.4-3.6 8-8 8h-16c-4.4 0-8-3.6-8-8s-3.6-8-8-8H247c-3 0-5.8 1.7-7.2 4.4l-9.4 18.7c-2.7 5.4-8.2 8.8-14.3 8.8H194c-8.8 0-16-7.2-16-16V199c0-4.2 1.7-8.3 4.7-11.3l20.1-20.1c4.6-4.6 7.2-10.9 7.2-17.5 0-3.4 2.2-6.5 5.5-7.6l40-13.3c1.7-.6 3.2-1.5 4.4-2.7l26.8-26.8c2.1-2.1 3.3-5 3.3-8 0-6.2-5.1-11.3-11.3-11.3H258l-16 16v8c0 4.4-3.6 8-8 8h-16c-4.4 0-8-3.6-8-8v-20c0-2.5 1.2-4.9 3.2-6.4l28.9-21.7c1.9-.1 3.8-.3 5.7-.3C358.3 56 448 145.7 448 256zM130.1 149.1c0-3 1.2-5.9 3.3-8l25.4-25.4c2.1-2.1 5-3.3 8-3.3 6.2 0 11.3 5.1 11.3 11.3v16c0 3-1.2 5.9-3.3 8l-9.4 9.4c-2.1 2.1-5 3.3-8 3.3h-16c-6.2 0-11.3-5.1-11.3-11.3zm128 306.4v-7.1c0-8.8-7.2-16-16-16h-20.2c-10.8 0-26.7-5.3-35.4-11.8l-22.2-16.7c-11.5-8.6-18.2-22.1-18.2-36.4v-23.9c0-16 8.4-30.8 22.1-39l42.9-25.7c7.1-4.2 15.2-6.5 23.4-6.5h31.2c10.9 0 21.4 3.9 29.6 10.9l43.2 37.1h18.3c8.5 0 16.6 3.4 22.6 9.4l17.3 17.3c3.4 3.4 8.1 5.3 12.9 5.3H423c-32.4 58.9-93.8 99.5-164.9 103.1z\"><\/path><\/svg>\t\t\t\t\t\t\t\t<\/div>\n\t\t\t\t\t\t\t<\/div>\n\t\t\t\t\t\t\n\t\t\t\t\t\t\t\t\t\t\t\t\t<h3 class=\"elementor-flip-box__layer__title\">\n\t\t\t\t\t\t\t\tReichweite bei ungarischen Patienten\t\t\t\t\t\t\t<\/h3>\n\t\t\t\t\t\t\n\t\t\t\t\t\t\t\t\t\t\t<\/div>\n\t\t\t\t<\/div>\n\t\t\t<\/div>\n\t\t\t<div class=\"elementor-flip-box__layer elementor-flip-box__back\">\n\t\t\t<div class=\"elementor-flip-box__layer__overlay\">\n\t\t\t\t<div class=\"elementor-flip-box__layer__inner\">\n\t\t\t\t\t\n\t\t\t\t\t\t\t\t\t\t\t<div class=\"elementor-flip-box__layer__description\">\n\t\t\t\t\t\t\torvosaim.hu verschafft Ihrer Klinik Zugang zu einem ungarischen Gesundheitswesen-Publikum mit rund 500.000 j\u00e4hrlichen Besuchern.\t\t\t\t\t\t<\/div>\n\t\t\t\t\t\n\t\t\t\t\t\t\t\t<\/div>\n\t\t<\/div>\n\t\t<\/div>\n\t\t<\/div>\n\t\t\t\t\t\t<\/div>\n\t\t\t\t<\/div>\n\t\t\t\t<div class=\"elementor-element elementor-element-50dfea5f elementor-flip-box--effect-flip elementor-flip-box--direction-up elementor-widget elementor-widget-flip-box\" data-id=\"50dfea5f\" data-element_type=\"widget\" data-settings=\"{&quot;ekit_we_effect_on&quot;:&quot;none&quot;}\" data-widget_type=\"flip-box.default\">\n\t\t\t\t<div class=\"elementor-widget-container\">\n\t\t\t\t\t\t\t<div class=\"elementor-flip-box\" tabindex=\"0\">\n\t\t\t<div class=\"elementor-flip-box__layer elementor-flip-box__front\">\n\t\t\t\t<div class=\"elementor-flip-box__layer__overlay\">\n\t\t\t\t\t<div class=\"elementor-flip-box__layer__inner\">\n\t\t\t\t\t\t\t\t\t\t\t\t\t<div class=\"elementor-icon-wrapper elementor-view-default\">\n\t\t\t\t\t\t\t\t<div class=\"elementor-icon\">\n\t\t\t\t\t\t\t\t\t<svg class=\"e-font-icon-svg e-fas-map-signs\" viewBox=\"0 0 512 512\" xmlns=\"http:\/\/www.w3.org\/2000\/svg\"><path d=\"M507.31 84.69L464 41.37c-6-6-14.14-9.37-22.63-9.37H288V16c0-8.84-7.16-16-16-16h-32c-8.84 0-16 7.16-16 16v16H56c-13.25 0-24 10.75-24 24v80c0 13.25 10.75 24 24 24h385.37c8.49 0 16.62-3.37 22.63-9.37l43.31-43.31c6.25-6.26 6.25-16.38 0-22.63zM224 496c0 8.84 7.16 16 16 16h32c8.84 0 16-7.16 16-16V384h-64v112zm232-272H288v-32h-64v32H70.63c-8.49 0-16.62 3.37-22.63 9.37L4.69 276.69c-6.25 6.25-6.25 16.38 0 22.63L48 342.63c6 6 14.14 9.37 22.63 9.37H456c13.25 0 24-10.75 24-24v-80c0-13.25-10.75-24-24-24z\"><\/path><\/svg>\t\t\t\t\t\t\t\t<\/div>\n\t\t\t\t\t\t\t<\/div>\n\t\t\t\t\t\t\n\t\t\t\t\t\t\t\t\t\t\t\t\t<h3 class=\"elementor-flip-box__layer__title\">\n\t\t\t\t\t\t\t\tSichtbarkeit auf zwei Plattformen\t\t\t\t\t\t\t<\/h3>\n\t\t\t\t\t\t\n\t\t\t\t\t\t\t\t\t\t\t<\/div>\n\t\t\t\t<\/div>\n\t\t\t<\/div>\n\t\t\t<div class=\"elementor-flip-box__layer elementor-flip-box__back\">\n\t\t\t<div class=\"elementor-flip-box__layer__overlay\">\n\t\t\t\t<div class=\"elementor-flip-box__layer__inner\">\n\t\t\t\t\t\n\t\t\t\t\t\t\t\t\t\t\t<div class=\"elementor-flip-box__layer__description\">\n\t\t\t\t\t\t\tIhre Klinik erscheint sowohl auf orvosaim.hu als auch auf MedicalServiceFinder.com \u2014 lokale ungarische Reichweite plus internationale Ver\u00f6ffentlichung.\t\t\t\t\t\t<\/div>\n\t\t\t\t\t\n\t\t\t\t\t\t\t\t<\/div>\n\t\t<\/div>\n\t\t<\/div>\n\t\t<\/div>\n\t\t\t\t\t\t<\/div>\n\t\t\t\t<\/div>\n\t\t\t\t<div class=\"elementor-element elementor-element-1f712cc4 elementor-flip-box--effect-flip elementor-flip-box--direction-up elementor-widget elementor-widget-flip-box\" data-id=\"1f712cc4\" data-element_type=\"widget\" data-settings=\"{&quot;ekit_we_effect_on&quot;:&quot;none&quot;}\" data-widget_type=\"flip-box.default\">\n\t\t\t\t<div class=\"elementor-widget-container\">\n\t\t\t\t\t\t\t<div class=\"elementor-flip-box\" tabindex=\"0\">\n\t\t\t<div class=\"elementor-flip-box__layer elementor-flip-box__front\">\n\t\t\t\t<div class=\"elementor-flip-box__layer__overlay\">\n\t\t\t\t\t<div class=\"elementor-flip-box__layer__inner\">\n\t\t\t\t\t\t\t\t\t\t\t\t\t<div class=\"elementor-icon-wrapper elementor-view-default\">\n\t\t\t\t\t\t\t\t<div class=\"elementor-icon\">\n\t\t\t\t\t\t\t\t\t<svg class=\"e-font-icon-svg e-fas-people-arrows\" viewBox=\"0 0 576 512\" xmlns=\"http:\/\/www.w3.org\/2000\/svg\"><path d=\"M96,128A64,64,0,1,0,32,64,64,64,0,0,0,96,128Zm0,176.08a44.11,44.11,0,0,1,13.64-32L181.77,204c1.65-1.55,3.77-2.31,5.61-3.57A63.91,63.91,0,0,0,128,160H64A64,64,0,0,0,0,224v96a32,32,0,0,0,32,32V480a32,32,0,0,0,32,32h64a32,32,0,0,0,32-32V383.61l-50.36-47.53A44.08,44.08,0,0,1,96,304.08ZM480,128a64,64,0,1,0-64-64A64,64,0,0,0,480,128Zm32,32H448a63.91,63.91,0,0,0-59.38,40.42c1.84,1.27,4,2,5.62,3.59l72.12,68.06a44.37,44.37,0,0,1,0,64L416,383.62V480a32,32,0,0,0,32,32h64a32,32,0,0,0,32-32V352a32,32,0,0,0,32-32V224A64,64,0,0,0,512,160ZM444.4,295.34l-72.12-68.06A12,12,0,0,0,352,236v36H224V236a12,12,0,0,0-20.28-8.73L131.6,295.34a12.4,12.4,0,0,0,0,17.47l72.12,68.07A12,12,0,0,0,224,372.14V336H352v36.14a12,12,0,0,0,20.28,8.74l72.12-68.07A12.4,12.4,0,0,0,444.4,295.34Z\"><\/path><\/svg>\t\t\t\t\t\t\t\t<\/div>\n\t\t\t\t\t\t\t<\/div>\n\t\t\t\t\t\t\n\t\t\t\t\t\t\t\t\t\t\t\t\t<h3 class=\"elementor-flip-box__layer__title\">\n\t\t\t\t\t\t\t\t\u00dcbersetzung + Profilverwaltung inklusive\t\t\t\t\t\t\t<\/h3>\n\t\t\t\t\t\t\n\t\t\t\t\t\t\t\t\t\t\t<\/div>\n\t\t\t\t<\/div>\n\t\t\t<\/div>\n\t\t\t<div class=\"elementor-flip-box__layer elementor-flip-box__back\">\n\t\t\t<div class=\"elementor-flip-box__layer__overlay\">\n\t\t\t\t<div class=\"elementor-flip-box__layer__inner\">\n\t\t\t\t\t\n\t\t\t\t\t\t\t\t\t\t\t<div class=\"elementor-flip-box__layer__description\">\n\t\t\t\t\t\t\tWir ver\u00f6ffentlichen Ihre Klinik- und Arztprofile in 6 Sprachen: HU, EN, DE, FR, IT, ES. Wir \u00fcbernehmen die Profileinrichtung mit Ihnen. \t\t\t\t\t\t<\/div>\n\t\t\t\t\t\n\t\t\t\t\t\t\t\t<\/div>\n\t\t<\/div>\n\t\t<\/div>\n\t\t<\/div>\n\t\t\t\t\t\t<\/div>\n\t\t\t\t<\/div>\n\t\t\t\t<div class=\"elementor-element elementor-element-3357284 elementor-flip-box--effect-flip elementor-flip-box--direction-up elementor-widget elementor-widget-flip-box\" data-id=\"3357284\" data-element_type=\"widget\" data-settings=\"{&quot;ekit_we_effect_on&quot;:&quot;none&quot;}\" data-widget_type=\"flip-box.default\">\n\t\t\t\t<div class=\"elementor-widget-container\">\n\t\t\t\t\t\t\t<div class=\"elementor-flip-box\" tabindex=\"0\">\n\t\t\t<div class=\"elementor-flip-box__layer elementor-flip-box__front\">\n\t\t\t\t<div class=\"elementor-flip-box__layer__overlay\">\n\t\t\t\t\t<div class=\"elementor-flip-box__layer__inner\">\n\t\t\t\t\t\t\t\t\t\t\t\t\t<div class=\"elementor-icon-wrapper elementor-view-default\">\n\t\t\t\t\t\t\t\t<div class=\"elementor-icon\">\n\t\t\t\t\t\t\t\t\t<svg class=\"e-font-icon-svg e-fas-sitemap\" viewBox=\"0 0 640 512\" xmlns=\"http:\/\/www.w3.org\/2000\/svg\"><path d=\"M128 352H32c-17.67 0-32 14.33-32 32v96c0 17.67 14.33 32 32 32h96c17.67 0 32-14.33 32-32v-96c0-17.67-14.33-32-32-32zm-24-80h192v48h48v-48h192v48h48v-57.59c0-21.17-17.23-38.41-38.41-38.41H344v-64h40c17.67 0 32-14.33 32-32V32c0-17.67-14.33-32-32-32H256c-17.67 0-32 14.33-32 32v96c0 17.67 14.33 32 32 32h40v64H94.41C73.23 224 56 241.23 56 262.41V320h48v-48zm264 80h-96c-17.67 0-32 14.33-32 32v96c0 17.67 14.33 32 32 32h96c17.67 0 32-14.33 32-32v-96c0-17.67-14.33-32-32-32zm240 0h-96c-17.67 0-32 14.33-32 32v96c0 17.67 14.33 32 32 32h96c17.67 0 32-14.33 32-32v-96c0-17.67-14.33-32-32-32z\"><\/path><\/svg>\t\t\t\t\t\t\t\t<\/div>\n\t\t\t\t\t\t\t<\/div>\n\t\t\t\t\t\t\n\t\t\t\t\t\t\t\t\t\t\t\t\t<h3 class=\"elementor-flip-box__layer__title\">\n\t\t\t\t\t\t\t\tKI-f\u00e4hige medizinische Pr\u00e4senz\t\t\t\t\t\t\t<\/h3>\n\t\t\t\t\t\t\n\t\t\t\t\t\t\t\t\t\t\t<\/div>\n\t\t\t\t<\/div>\n\t\t\t<\/div>\n\t\t\t<div class=\"elementor-flip-box__layer elementor-flip-box__back\">\n\t\t\t<div class=\"elementor-flip-box__layer__overlay\">\n\t\t\t\t<div class=\"elementor-flip-box__layer__inner\">\n\t\t\t\t\t\n\t\t\t\t\t\t\t\t\t\t\t<div class=\"elementor-flip-box__layer__description\">\n\t\t\t\t\t\t\tIhre Klinikdaten, Spezialisierungen und Bildungsinhalte sind f\u00fcr Suchmaschinen und KI-gesteuerte Entdeckung strukturiert.\t\t\t\t\t\t<\/div>\n\t\t\t\t\t\n\t\t\t\t\t\t\t\t<\/div>\n\t\t<\/div>\n\t\t<\/div>\n\t\t<\/div>\n\t\t\t\t\t\t<\/div>\n\t\t\t\t<\/div>\n\t\t\t\t\t<\/div>\n\t\t\t\t<\/div>\n\t\t\t\t<div class=\"elementor-element elementor-element-57bf400 elementor-widget elementor-widget-text-editor\" data-id=\"57bf400\" data-element_type=\"widget\" data-settings=\"{&quot;ekit_we_effect_on&quot;:&quot;none&quot;}\" data-widget_type=\"text-editor.default\">\n\t\t\t\t<div class=\"elementor-widget-container\">\n\t\t\t\t\t\t\t\t\t<h2>Warum es dieses Angebot gibt<\/h2>\n\n<p>\n Patienten in der N\u00e4he der ungarischen Grenze suchen oft \u00fcber ihre eigene Stadt oder ihr Land hinaus, wenn sie private Gesundheitsversorgung ben\u00f6tigen. \n Doch die meisten Kliniken in Wien, Bratislava, Ljubljana oder Oradea sind f\u00fcr ungarischsprachige Patienten unsichtbar, da ihre Websites, Profile und Inhalte nicht auf Ungarisch ver\u00f6ffentlicht werden.\n<\/p>\n\n<p>\n  <strong>Wir schlie\u00dfen diese L\u00fccke:<\/strong> Wir ver\u00f6ffentlichen Ihre Klinik auf zwei Gesundheitsplattformen.\n<\/p>\n\n<ul>\n  <li>\n    <strong>orvosaim.hu<\/strong> \u2014 ungarische medizinische Plattform mit rund <strong>500.000 j\u00e4hrlichen Besuchern<\/strong>\n  <\/li>\n  <li>\n    <strong>MedicalServiceFinder.com<\/strong> \u2014 internationale Plattform f\u00fcr medizinische Sichtbarkeit f\u00fcr mehrsprachige Klinik- und Arztprofile\n  <\/li>\n<\/ul>\n\n<h2 style=\"margin-top: 40px;\">Gr\u00fcnderpreise \u2014 erste 10 Partnerkliniken<\/h2>\n\n<p>\n F\u00fcr die ersten 10 Partnerkliniken in der Grenzregion bieten wir einen <strong>Gr\u00fcnderrabatt von bis zu 33 %<\/strong> auf den regul\u00e4ren Jahrespreis.\n<\/p>\n\n<table style=\"width: 100%; border-collapse: collapse; margin-top: 28px; margin-bottom: 28px;\">\n  <thead>\n    <tr>\n      <th style=\"text-align: left; padding: 14px 18px; border-bottom: 2px solid #d9d9d9;\">Paket<\/th>\n      <th style=\"text-align: left; padding: 14px 18px; border-bottom: 2px solid #d9d9d9;\">Am besten f\u00fcr<\/th>\n      <th style=\"text-align: left; padding: 14px 18px; border-bottom: 2px solid #d9d9d9;\">Gr\u00fcnderpreis<\/th>\n      <th style=\"text-align: left; padding: 14px 18px; border-bottom: 2px solid #d9d9d9;\">Regul\u00e4rer Preis<\/th>\n    <\/tr>\n  <\/thead>\n  <tbody>\n    <tr>\n      <td style=\"padding: 16px 18px; border-bottom: 1px solid #eeeeee;\"><strong>Clinic Gateway 15<\/strong><\/td>\n      <td style=\"padding: 16px 18px; border-bottom: 1px solid #eeeeee;\">Bis zu 15 \u00c4rzte<\/td>\n      <td style=\"padding: 16px 18px; border-bottom: 1px solid #eeeeee;\"><strong>990 \u20ac + MwSt. \/ Jahr<\/strong><\/td>\n      <td style=\"padding: 16px 18px; border-bottom: 1px solid #eeeeee;\">1.490 \u20ac + MwSt. \/ Jahr<\/td>\n    <\/tr>\n    <tr>\n      <td style=\"padding: 16px 18px; border-bottom: 1px solid #eeeeee;\"><strong>Clinic Gateway 50<\/strong><\/td>\n      <td style=\"padding: 16px 18px; border-bottom: 1px solid #eeeeee;\">Bis zu 50 \u00c4rzte<\/td>\n      <td style=\"padding: 16px 18px; border-bottom: 1px solid #eeeeee;\"><strong>1.790 \u20ac + MwSt. \/ Jahr<\/strong><\/td>\n      <td style=\"padding: 16px 18px; border-bottom: 1px solid #eeeeee;\">2.490 \u20ac + MwSt. \/ Jahr<\/td>\n    <\/tr>\n  <\/tbody>\n<\/table>\n\n<p>\n Die Gr\u00fcnderpreise sind nur f\u00fcr die ersten 10 teilnehmenden Kliniken verf\u00fcgbar. Danach gelten die regul\u00e4ren Jahrespreise. \n<\/p>\n<a href=\"https:\/\/medicalservicefinder.com\/de\/contact-us\/\">Kontaktieren Sie uns f\u00fcr weitere Details<\/a>\t\t\t\t\t\t\t\t<\/div>\n\t\t\t\t<\/div>\n\t\t\t\t\t<\/div>\n\t\t\t\t<\/div>\n\t\t<div class=\"elementor-element elementor-element-e2ebabe e-flex e-con-boxed e-con e-parent\" data-id=\"e2ebabe\" data-element_type=\"container\" data-settings=\"{&quot;ekit_has_onepagescroll_dot&quot;:&quot;yes&quot;}\">\n\t\t\t\t\t<div class=\"e-con-inner\">\n\t\t\t\t\t<\/div>\n\t\t\t\t<\/div>\n\t\t\t\t<\/div>\n\t\t","protected":false},"excerpt":{"rendered":"<p>Ungarische Patienten grenz\u00fcberschreitend erreichen \u2014 mit einer mehrsprachigen Klinikpr\u00e4senz Grenzregion Gateway Angebot Ver\u00f6ffentlichen Sie Ihre Klinik- und Arztprofile auf orvosaim.hu und MedicalServiceFinder.com in 6 Sprachen: Ungarisch, Englisch, Deutsch, Franz\u00f6sisch, Italienisch und Spanisch.Wir \u00fcbernehmen die Profilerstellung, \u00dcbersetzungen, Ver\u00f6ffentlichung und die KI-f\u00e4hige Struktur \u2014 damit Ihre Klinik von ungarischen Patienten und internationalen Suchsystemen leichter gefunden werden kann.<a class=\"moretag\" href=\"https:\/\/medicalservicefinder.com\/de\/border-region-gateway\/\"> Read more&#8230;<\/a><\/p>\n","protected":false},"author":1,"featured_media":0,"parent":0,"menu_order":0,"comment_status":"closed","ping_status":"closed","template":"","meta":{"_acf_changed":false,"inline_featured_image":false,"footnotes":""},"class_list":["post-23445","page","type-page","status-publish","hentry"],"acf":[],"_links":{"self":[{"href":"https:\/\/medicalservicefinder.com\/de\/wp-json\/wp\/v2\/pages\/23445","targetHints":{"allow":["GET"]}}],"collection":[{"href":"https:\/\/medicalservicefinder.com\/de\/wp-json\/wp\/v2\/pages"}],"about":[{"href":"https:\/\/medicalservicefinder.com\/de\/wp-json\/wp\/v2\/types\/page"}],"author":[{"embeddable":true,"href":"https:\/\/medicalservicefinder.com\/de\/wp-json\/wp\/v2\/users\/1"}],"replies":[{"embeddable":true,"href":"https:\/\/medicalservicefinder.com\/de\/wp-json\/wp\/v2\/comments?post=23445"}],"version-history":[{"count":5,"href":"https:\/\/medicalservicefinder.com\/de\/wp-json\/wp\/v2\/pages\/23445\/revisions"}],"predecessor-version":[{"id":24993,"href":"https:\/\/medicalservicefinder.com\/de\/wp-json\/wp\/v2\/pages\/23445\/revisions\/24993"}],"wp:attachment":[{"href":"https:\/\/medicalservicefinder.com\/de\/wp-json\/wp\/v2\/media?parent=23445"}],"curies":[{"name":"wp","href":"https:\/\/api.w.org\/{rel}","templated":true}]}}